{"id":1554,"date":"2026-01-03T18:31:22","date_gmt":"2026-01-03T18:31:22","guid":{"rendered":"https:\/\/smartplusart.com\/nuotrauku-remelio-programa\/"},"modified":"2026-01-30T06:45:01","modified_gmt":"2026-01-30T06:45:01","slug":"nuotrauku-remelio-programa","status":"publish","type":"page","link":"https:\/\/smartplusart.com\/lt\/nuotrauku-remelio-programa\/","title":{"rendered":"Nuotrauk\u0173 r\u0117melio programa"},"content":{"rendered":"\n\t<section class=\"section\" id=\"section_1575700257\">\n\t\t<div class=\"section-bg fill\" >\n\t\t\t\t\t\t\t\t\t\n\t\t\t\n\n\t\t<\/div>\n\n\t\t\n\n\t\t<div class=\"section-content relative\">\n\t\t\t\n\t<div id=\"gap-1346062501\" class=\"gap-element clearfix\" style=\"display:block; height:auto;\">\n\t\t\n<style>\n#gap-1346062501 {\n  padding-top: 30px;\n}\n@media (min-width:550px) {\n  #gap-1346062501 {\n    padding-top: 30px;\n  }\n}\n<\/style>\n\t<\/div>\n\t\n<div class=\"row align-middle\"  id=\"row-1342470939\">\n\n\t<div id=\"col-1948910293\" class=\"col medium-12 small-12 large-7\"  >\n\t\t\t\t<div class=\"col-inner\"  >\n\t\t\t\n\t\t\t\n\n  <div class=\"banner has-hover round-corners\" id=\"banner-1477154755\">\n          <div class=\"banner-inner fill\">\n        <div class=\"banner-bg fill\" >\n            <img loading=\"lazy\" decoding=\"async\" width=\"1700\" height=\"956\" src=\"https:\/\/smartplusart.com\/wp-content\/uploads\/2026\/01\/app.webp\" class=\"bg attachment-original size-original\" alt=\"\" \/>                                    \n                    <\/div>\n\t\t\n        <div class=\"banner-layers container\">\n            <div class=\"fill banner-link\"><\/div>            \n        <\/div>\n      <\/div>\n\n            \n<style>\n#banner-1477154755 {\n  padding-top: 180px;\n  background-color: rgba(255, 255, 255, 0);\n}\n#banner-1477154755 .banner-bg img {\n  object-position: 37% 19%;\n}\n@media (min-width:550px) {\n  #banner-1477154755 {\n    padding-top: 300px;\n  }\n}\n@media (min-width:850px) {\n  #banner-1477154755 {\n    padding-top: 400px;\n  }\n}\n<\/style>\n  <\/div>\n\n\n\t\t<\/div>\n\t\t\t\t\t<\/div>\n\n\t\n\n\t<div id=\"col-1960390797\" class=\"col medium-12 small-12 large-5\"  >\n\t\t\t\t<div class=\"col-inner\"  >\n\t\t\t\n\t\t\t\n\t<div id=\"gap-230333621\" class=\"gap-element clearfix hide-for-medium\" style=\"display:block; height:auto;\">\n\t\t\n<style>\n#gap-230333621 {\n  padding-top: 20px;\n}\n<\/style>\n\t<\/div>\n\t\n\t<div id=\"text-2171356294\" class=\"text badge-purple\">\n\t\t\n<p>Programa<br \/>\n\t\t\n<style>\n#text-2171356294 {\n  line-height: 0.75;\n}\n<\/style>\n\t<\/div>\n\t\n\t<div id=\"text-1158863267\" class=\"text\">\n\t\t\n<h1>Pasirinkite nuotrauk\u0105 ir palieskite r\u0117mel\u012f telefonu<\/h1>\n\t\t\n<style>\n#text-1158863267 {\n  font-size: 1.25rem;\n}\n@media (min-width:550px) {\n  #text-1158863267 {\n    font-size: 1.5rem;\n  }\n}\n<\/style>\n\t<\/div>\n\t\n<p>NFC technologija u\u017emezga ry\u0161\u012f tarp j\u016bs\u0173 telefono ir nuotrauk\u0173 r\u0117melio. Tada, vidutini\u0161kai per 20 sekund\u017ei\u0173, pasirinkta nuotrauka yra \u201eatspausdinama\u201c ant r\u0117melio.<\/p>\n\t\t<\/div>\n\t\t\t\t\n<style>\n#col-1960390797 > .col-inner {\n  padding: 0px 0px 0px 0px;\n}\n@media (min-width:850px) {\n  #col-1960390797 > .col-inner {\n    padding: 0px 0px 0px 10%;\n  }\n}\n<\/style>\n\t<\/div>\n\n\t\n<\/div>\n\t\t<\/div>\n\n\t\t\n<style>\n#section_1575700257 {\n  padding-top: 10px;\n  padding-bottom: 10px;\n  background-color: rgb(248, 247, 245);\n}\n@media (min-width:550px) {\n  #section_1575700257 {\n    padding-top: 30px;\n    padding-bottom: 30px;\n  }\n}\n<\/style>\n\t<\/section>\n\t\n\n\t<section class=\"section\" id=\"section_851987950\">\n\t\t<div class=\"section-bg fill\" >\n\t\t\t\t\t\t\t\t\t\n\t\t\t\n\n\t\t<\/div>\n\n\t\t\n\n\t\t<div class=\"section-content relative\">\n\t\t\t\n\t<div id=\"gap-1906557849\" class=\"gap-element clearfix\" style=\"display:block; height:auto;\">\n\t\t\n<style>\n#gap-1906557849 {\n  padding-top: 20px;\n}\n@media (min-width:550px) {\n  #gap-1906557849 {\n    padding-top: 30px;\n  }\n}\n@media (min-width:850px) {\n  #gap-1906557849 {\n    padding-top: 30px;\n  }\n}\n<\/style>\n\t<\/div>\n\t\n<div class=\"row align-center\"  id=\"row-12115298\">\n\n\t<div id=\"col-742715676\" class=\"col medium-9 small-12 large-6\"  >\n\t\t\t\t<div class=\"col-inner text-center\"  >\n\t\t\t\n\t\t\t\n\t<div id=\"gap-759924236\" class=\"gap-element clearfix\" style=\"display:block; height:auto;\">\n\t\t\n<style>\n#gap-759924236 {\n  padding-top: 20px;\n}\n@media (min-width:550px) {\n  #gap-759924236 {\n    padding-top: 30px;\n  }\n}\n@media (min-width:850px) {\n  #gap-759924236 {\n    padding-top: 5px;\n  }\n}\n<\/style>\n\t<\/div>\n\t\n\t<div id=\"text-1959776869\" class=\"text\">\n\t\t\n<h2>Tikrai lengva naudoti<\/h2>\n\t\t\n<style>\n#text-1959776869 {\n  font-size: 1.1rem;\n}\n@media (min-width:550px) {\n  #text-1959776869 {\n    font-size: 1.5rem;\n  }\n}\n<\/style>\n\t<\/div>\n\t\n\t\t<\/div>\n\t\t\t\t\t<\/div>\n\n\t\n<\/div>\n\t\t<\/div>\n\n\t\t\n<style>\n#section_851987950 {\n  padding-top: 10px;\n  padding-bottom: 10px;\n}\n@media (min-width:550px) {\n  #section_851987950 {\n    padding-top: 10px;\n    padding-bottom: 10px;\n  }\n}\n@media (min-width:850px) {\n  #section_851987950 {\n    padding-top: 10px;\n    padding-bottom: 10px;\n  }\n}\n<\/style>\n\t<\/section>\n\t\n\n\t<section class=\"section\" id=\"section_365857089\">\n\t\t<div class=\"section-bg fill\" >\n\t\t\t\t\t\t\t\t\t\n\t\t\t\n\n\t\t<\/div>\n\n\t\t\n\n\t\t<div class=\"section-content relative\">\n\t\t\t\n<div class=\"row\"  id=\"row-244516999\">\n\n\t<div id=\"col-1690683066\" class=\"col small-12 large-12\"  >\n\t\t\t\t<div class=\"col-inner\"  >\n\t\t\t\n\t\t\t\n<div class=\"row row-collapse row-full-width align-middle\"  id=\"row-1248102880\">\n\n\t<div id=\"col-1972804562\" class=\"col medium-12 small-12 large-7\"  >\n\t\t\t\t<div class=\"col-inner\"  >\n\t\t\t\n\t\t\t\n\t<div id=\"gap-1751561793\" class=\"gap-element clearfix hide-for-medium\" style=\"display:block; height:auto;\">\n\t\t\n<style>\n#gap-1751561793 {\n  padding-top: 20px;\n}\n<\/style>\n\t<\/div>\n\t\n\t<div id=\"text-1392984159\" class=\"text\">\n\t\t\n\t\t\n<style>\n#text-1392984159 {\n  font-size: 1.15rem;\n}\n@media (min-width:550px) {\n  #text-1392984159 {\n    font-size: 1.35rem;\n  }\n}\n<\/style>\n\t<\/div>\n\t\n<p>Programa sukurta taip, kad nuotrauk\u0173 keitimas b\u016bt\u0173 toks pat paprastas kaip naujos nuotraukos pakabinimas ant sienos \u2013 nereikia Wi-Fi nustatym\u0173, paskyros k\u016brimo ar debes\u0173 paslaug\u0173.<\/p>\n<p>Technologi\u0161kai j\u016bs\u0173 telefonas aptinka r\u0117mel\u012f per NFC ir perduoda nuotrauk\u0105 tiesiogiai \u012f r\u0117mel\u012f per Bluetooth, tai rei\u0161kia, kad r\u0117meliui nereikia b\u016bti prisijungusiam prie interneto ir nuotrauka nepraeina per serverius. Naudojimas paprastas: atidarykite program\u0105, pasirinkite nuotrauk\u0105 ar meno k\u016brin\u012f i\u0161 galerijos, prireikus sureguliuokite r\u0117mel\u012f ir atne\u0161kite telefon\u0105 prie apatinio kairiojo r\u0117melio kampo, kur aktyvuojamas \u201eTap-to-Print\u201c. Po keli\u0173 akimirk\u0173 (vidutini\u0161kai 20 sekund\u017ei\u0173) rodoma nauja nuotrauka. Kadangi r\u0117melis naudoja E Ink Spectra 6 e-popieriaus technologij\u0105, rezultatas atrodo nat\u016braliai ir popieriaus pavidalu \u2013 be \u201eekrano \u0161vyt\u0117jimo\u201c ap\u0161vietimo. Energija daugiausia suvartojama tik kei\u010diant nuotrauk\u0105, o ne kabant ant sienos.<\/p>\n\t\t<\/div>\n\t\t\t\t\n<style>\n#col-1972804562 > .col-inner {\n  padding: 8% 8% 8% 8%;\n}\n@media (min-width:550px) {\n  #col-1972804562 > .col-inner {\n    padding: 5% 5% 5% 5%;\n  }\n}\n@media (min-width:850px) {\n  #col-1972804562 > .col-inner {\n    padding: 0px 15% 0px 10%;\n  }\n}\n<\/style>\n\t<\/div>\n\n\t\n\n\t<div id=\"col-1334684553\" class=\"col medium-12 small-12 large-5 medium-col-first\"  >\n\t\t\t\t<div class=\"col-inner\"  >\n\t\t\t\n\t\t\t\n\n  <div class=\"banner has-hover round-corners-right has-video\" id=\"banner-1185678712\">\n          <div class=\"banner-inner fill\">\n        <div class=\"banner-bg fill\" >\n                        \t<div class=\"video-overlay no-click fill visible\"><\/div>\n\t<video class=\"video-bg fill visible\" preload playsinline autoplay muted loop>\n\t\t<source src=\"https:\/\/smartplusart.com\/wp-content\/uploads\/2026\/01\/tap-to-2.mp4\" type=\"video\/mp4\">\t<\/video>\n                        \n                    <\/div>\n\t\t\n        <div class=\"banner-layers container\">\n            <div class=\"fill banner-link\"><\/div>            \n        <\/div>\n      <\/div>\n\n            \n<style>\n#banner-1185678712 {\n  padding-top: 200px;\n  background-color: rgba(255, 255, 255, 0);\n}\n#banner-1185678712 .banner-bg img {\n  object-position: 100% 37%;\n}\n@media (min-width:550px) {\n  #banner-1185678712 {\n    padding-top: 300px;\n  }\n}\n@media (min-width:850px) {\n  #banner-1185678712 {\n    padding-top: 400px;\n  }\n}\n<\/style>\n  <\/div>\n\n\n\t\t<\/div>\n\t\t\t\t\t<\/div>\n\n\t\n<\/div>\n\t\t<\/div>\n\t\t\t\t\t<\/div>\n\n\t\n\n<style>\n#row-244516999 > .col > .col-inner {\n  background-color: #f8f7f5;\n  border-radius: 20px;\n}\n<\/style>\n<\/div>\n\t\t<\/div>\n\n\t\t\n<style>\n#section_365857089 {\n  padding-top: 0px;\n  padding-bottom: 0px;\n}\n@media (min-width:550px) {\n  #section_365857089 {\n    padding-top: 10px;\n    padding-bottom: 10px;\n  }\n}\n@media (min-width:850px) {\n  #section_365857089 {\n    padding-top: 30px;\n    padding-bottom: 30px;\n  }\n}\n<\/style>\n\t<\/section>\n\t\n\n\t<section class=\"section\" id=\"section_1482149106\">\n\t\t<div class=\"section-bg fill\" >\n\t\t\t\t\t\t\t\t\t\n\t\t\t\n\n\t\t<\/div>\n\n\t\t\n\n\t\t<div class=\"section-content relative\">\n\t\t\t\n\t<div id=\"gap-1237640254\" class=\"gap-element clearfix\" style=\"display:block; height:auto;\">\n\t\t\n<style>\n#gap-1237640254 {\n  padding-top: 30px;\n}\n<\/style>\n\t<\/div>\n\t\n<div class=\"row row-small\"  id=\"row-250987358\">\n\n\t<div id=\"col-1641377701\" class=\"col medium-3 small-6 large-3\"  >\n\t\t\t\t<div class=\"col-inner\"  >\n\t\t\t\n\t\t\t\n\n  <div class=\"banner has-hover round-corners\" id=\"banner-126382239\">\n          <div class=\"banner-inner fill\">\n        <div class=\"banner-bg fill\" >\n            <img loading=\"lazy\" decoding=\"async\" width=\"768\" height=\"1024\" src=\"https:\/\/smartplusart.com\/wp-content\/uploads\/2026\/01\/Dinner_Momentsa-1-768x1024.webp\" class=\"bg attachment-large size-large\" alt=\"\" \/>                                    \n                    <\/div>\n\t\t\n        <div class=\"banner-layers container\">\n            <div class=\"fill banner-link\"><\/div>            \n        <\/div>\n      <\/div>\n\n            \n<style>\n#banner-126382239 {\n  padding-top: 225px;\n  background-color: rgb(255, 255, 255);\n}\n@media (min-width:550px) {\n  #banner-126382239 {\n    padding-top: 250px;\n  }\n}\n@media (min-width:850px) {\n  #banner-126382239 {\n    padding-top: 350px;\n  }\n}\n<\/style>\n  <\/div>\n\n\n\t\t<\/div>\n\t\t\t\t\n<style>\n#col-1641377701 > .col-inner {\n  margin: 30px 0px 0px 0px;\n}\n<\/style>\n\t<\/div>\n\n\t\n\n\t<div id=\"col-1537446730\" class=\"col medium-3 small-6 large-3\"  >\n\t\t\t\t<div class=\"col-inner\"  >\n\t\t\t\n\t\t\t\n\n  <div class=\"banner has-hover round-corners\" id=\"banner-220118433\">\n          <div class=\"banner-inner fill\">\n        <div class=\"banner-bg fill\" >\n            <img loading=\"lazy\" decoding=\"async\" width=\"768\" height=\"1024\" src=\"https:\/\/smartplusart.com\/wp-content\/uploads\/2026\/01\/Focus_Mode-768x1024.webp\" class=\"bg attachment-large size-large\" alt=\"\" \/>                                    \n                    <\/div>\n\t\t\n        <div class=\"banner-layers container\">\n            <div class=\"fill banner-link\"><\/div>            \n        <\/div>\n      <\/div>\n\n            \n<style>\n#banner-220118433 {\n  padding-top: 225px;\n  background-color: rgb(255, 255, 255);\n}\n#banner-220118433 .banner-bg img {\n  object-position: 66% 17%;\n}\n@media (min-width:550px) {\n  #banner-220118433 {\n    padding-top: 250px;\n  }\n}\n@media (min-width:850px) {\n  #banner-220118433 {\n    padding-top: 350px;\n  }\n}\n<\/style>\n  <\/div>\n\n\n\t\t<\/div>\n\t\t\t\t\n<style>\n#col-1537446730 > .col-inner {\n  margin: -30px 0px 0px 0px;\n}\n<\/style>\n\t<\/div>\n\n\t\n\n\t<div id=\"col-1955345130\" class=\"col hide-for-small medium-3 small-6 large-3\"  >\n\t\t\t\t<div class=\"col-inner\"  >\n\t\t\t\n\t\t\t\n\n  <div class=\"banner has-hover round-corners\" id=\"banner-808336800\">\n          <div class=\"banner-inner fill\">\n        <div class=\"banner-bg fill\" >\n            <img loading=\"lazy\" decoding=\"async\" width=\"768\" height=\"1024\" src=\"https:\/\/smartplusart.com\/wp-content\/uploads\/2026\/01\/Morning_light-768x1024.webp\" class=\"bg attachment-large size-large\" alt=\"\" \/>                                    \n                    <\/div>\n\t\t\n        <div class=\"banner-layers container\">\n            <div class=\"fill banner-link\"><\/div>            \n        <\/div>\n      <\/div>\n\n            \n<style>\n#banner-808336800 {\n  padding-top: 250px;\n  background-color: rgb(255, 255, 255);\n}\n@media (min-width:850px) {\n  #banner-808336800 {\n    padding-top: 350px;\n  }\n}\n<\/style>\n  <\/div>\n\n\n\t\t<\/div>\n\t\t\t\t\n<style>\n#col-1955345130 > .col-inner {\n  margin: 30px 0px 0px 0px;\n}\n<\/style>\n\t<\/div>\n\n\t\n\n\t<div id=\"col-393526417\" class=\"col hide-for-small medium-3 small-6 large-3\"  >\n\t\t\t\t<div class=\"col-inner\"  >\n\t\t\t\n\t\t\t\n\n  <div class=\"banner has-hover round-corners\" id=\"banner-896428740\">\n          <div class=\"banner-inner fill\">\n        <div class=\"banner-bg fill\" >\n            <img loading=\"lazy\" decoding=\"async\" width=\"768\" height=\"1024\" src=\"https:\/\/smartplusart.com\/wp-content\/uploads\/2026\/01\/Art_Rotation-768x1024.webp\" class=\"bg attachment-large size-large\" alt=\"\" \/>                                    \n                    <\/div>\n\t\t\n        <div class=\"banner-layers container\">\n            <div class=\"fill banner-link\"><\/div>            \n        <\/div>\n      <\/div>\n\n            \n<style>\n#banner-896428740 {\n  padding-top: 250px;\n  background-color: rgb(255, 255, 255);\n}\n#banner-896428740 .banner-bg img {\n  object-position: 74% 93%;\n}\n@media (min-width:850px) {\n  #banner-896428740 {\n    padding-top: 350px;\n  }\n}\n<\/style>\n  <\/div>\n\n\n\t\t<\/div>\n\t\t\t\t\n<style>\n#col-393526417 > .col-inner {\n  margin: -30px 0px 0px 0px;\n}\n<\/style>\n\t<\/div>\n\n\t\n<\/div>\n\t\t<\/div>\n\n\t\t\n<style>\n#section_1482149106 {\n  padding-top: 10px;\n  padding-bottom: 10px;\n}\n@media (min-width:550px) {\n  #section_1482149106 {\n    padding-top: 30px;\n    padding-bottom: 30px;\n  }\n}\n@media (min-width:850px) {\n  #section_1482149106 {\n    padding-top: 60px;\n    padding-bottom: 60px;\n  }\n}\n<\/style>\n\t<\/section>\n\t\n<div class=\"row align-center\"  id=\"row-2060684395\">\n\n\t<div id=\"col-1010828860\" class=\"col medium-9 small-12 large-6\"  >\n\t\t\t\t<div class=\"col-inner text-center\"  >\n\t\t\t\n\t\t\t\n\t<div id=\"gap-139309062\" class=\"gap-element clearfix\" style=\"display:block; height:auto;\">\n\t\t\n<style>\n#gap-139309062 {\n  padding-top: 20px;\n}\n@media (min-width:550px) {\n  #gap-139309062 {\n    padding-top: 30px;\n  }\n}\n@media (min-width:850px) {\n  #gap-139309062 {\n    padding-top: 5px;\n  }\n}\n<\/style>\n\t<\/div>\n\t\n\t<div id=\"text-674863120\" class=\"text\">\n\t\t\n<h2>Da\u017eniausiai u\u017eduodami klausimai<\/h2>\n\t\t\n<style>\n#text-674863120 {\n  font-size: 1.1rem;\n}\n@media (min-width:550px) {\n  #text-674863120 {\n    font-size: 1.5rem;\n  }\n}\n<\/style>\n\t<\/div>\n\t\n\t\t<\/div>\n\t\t\t\t\t<\/div>\n\n\t\n<\/div>\n<div class=\"row\"  id=\"row-1924931495\">\n\n\t<div id=\"col-1359599252\" class=\"col medium-6 small-12 large-6\"  >\n\t\t\t\t<div class=\"col-inner\"  >\n\t\t\t\n\t\t\t\n<div class=\"accordion\">\n\t<div id=\"accordion-2317718017\" class=\"accordion-item\">\n\t\t<a id=\"accordion-2317718017-label\" class=\"accordion-title plain\" href=\"#accordion-item-ar-programa-yra-mokama?\" aria-expanded=\"false\" aria-controls=\"accordion-2317718017-content\">\n\t\t\t<button class=\"toggle\" aria-label=\"Toggle\"><i class=\"icon-angle-down\" aria-hidden=\"true\"><\/i><\/button>\n\t\t\t<span>Ar programa yra mokama?<\/span>\n\t\t<\/a>\n\t\t<div id=\"accordion-2317718017-content\" class=\"accordion-inner\" aria-labelledby=\"accordion-2317718017-label\">\n\t\t\t\n<p>Programa yra nemokama ir suteikia prieig\u0105 prie \u201eEndless Gallery\u201c vaizd\u0173 be m\u0117nesinio mokes\u010dio.<\/p>\n\t\t<\/div>\n\t<\/div>\n\t\n\t<div id=\"accordion-1742568532\" class=\"accordion-item\">\n\t\t<a id=\"accordion-1742568532-label\" class=\"accordion-title plain\" href=\"#accordion-item-ar-programai-reikalinga-paskyra?\" aria-expanded=\"false\" aria-controls=\"accordion-1742568532-content\">\n\t\t\t<button class=\"toggle\" aria-label=\"Toggle\"><i class=\"icon-angle-down\" aria-hidden=\"true\"><\/i><\/button>\n\t\t\t<span>Ar programai reikalinga paskyra?<\/span>\n\t\t<\/a>\n\t\t<div id=\"accordion-1742568532-content\" class=\"accordion-inner\" aria-labelledby=\"accordion-1742568532-label\">\n\t\t\t\n<p><strong data-start=\"1849\" data-end=\"1855\">Ne<\/strong> &#8211; nuotraukos lieka j\u016bs\u0173 telefone ir siun\u010diamos tiesiogiai \u012f nuotrauk\u0173 r\u0117mel\u012f naudojant Bluetooth technologij\u0105. Nuotraukos <strong data-start=\"1924\" data-end=\"1957\">n\u0117ra siun\u010diamos \u012f serverius<\/strong>.<\/p>\n\t\t<\/div>\n\t<\/div>\n\t\n\t<div id=\"accordion-3388617831\" class=\"accordion-item\">\n\t\t<a id=\"accordion-3388617831-label\" class=\"accordion-title plain\" href=\"#accordion-item-kaip-greitai-kei\u010diasi-nuotraukos?\" aria-expanded=\"false\" aria-controls=\"accordion-3388617831-content\">\n\t\t\t<button class=\"toggle\" aria-label=\"Toggle\"><i class=\"icon-angle-down\" aria-hidden=\"true\"><\/i><\/button>\n\t\t\t<span>Kaip greitai kei\u010diasi nuotraukos?<\/span>\n\t\t<\/a>\n\t\t<div id=\"accordion-3388617831-content\" class=\"accordion-inner\" aria-labelledby=\"accordion-3388617831-label\">\n\t\t\t\n<p>Galite si\u0173sti vien\u0105 nuotrauk\u0105 \u012f r\u0117mel\u012f vienu metu, kuri\u0105 galima pasirinkti i\u0161 esam\u0173 nuotrauk\u0173 programoje arba i\u0161 j\u016bs\u0173 telefono. Po to, kai atne\u0161ate telefon\u0105 prie r\u0117melio kairiojo kampo, nuotrauka siun\u010diama per Bluetooth ry\u0161\u012f. Tada, ma\u017edaug per 20 sekund\u017ei\u0173, nuotrauka \u201eatspausdinama\u201c ekrane. Tod\u0117l tai n\u0117ra klasikinis nuotrauk\u0173 r\u0117melis, kuriame galite \u012fkelti vis\u0105 kelioni\u0173 katalog\u0105 ir tada j\u012f per\u017ei\u016br\u0117ti.<\/p>\n\t\t<\/div>\n\t<\/div>\n\t\n<\/div>\n\t\t<\/div>\n\t\t\t\t\n<style>\n#col-1359599252 > .col-inner {\n  margin: 0px 0px -30px 0px;\n}\n@media (min-width:550px) {\n  #col-1359599252 > .col-inner {\n    margin: 0px 0px 0px 0px;\n  }\n}\n@media (min-width:850px) {\n  #col-1359599252 > .col-inner {\n    margin: 0px 0px 0px 0px;\n  }\n}\n<\/style>\n\t<\/div>\n\n\t\n\n\t<div id=\"col-280160639\" class=\"col medium-6 small-12 large-6\"  >\n\t\t\t\t<div class=\"col-inner\"  >\n\t\t\t\n\t\t\t\n<div class=\"accordion\">\n\t<div id=\"accordion-2143474027\" class=\"accordion-item\">\n\t\t<a id=\"accordion-2143474027-label\" class=\"accordion-title plain\" href=\"#accordion-item-ar-programa-prieinama-ios-ir-android?\" aria-expanded=\"false\" aria-controls=\"accordion-2143474027-content\">\n\t\t\t<button class=\"toggle\" aria-label=\"Toggle\"><i class=\"icon-angle-down\" aria-hidden=\"true\"><\/i><\/button>\n\t\t\t<span>Ar programa prieinama iOS ir Android?<\/span>\n\t\t<\/a>\n\t\t<div id=\"accordion-2143474027-content\" class=\"accordion-inner\" aria-labelledby=\"accordion-2143474027-label\">\n\t\t\t\n<p>Taip. Programa yra prieinama <a href=\"https:\/\/apps.apple.com\/us\/app\/reflection-frame\/id6736882524\"><strong data-start=\"1264\" data-end=\"1286\">Apple App Store<\/strong><\/a> ir <a href=\"https:\/\/play.google.com\/store\/apps\/details?id=com.feibi.frame\"><strong data-start=\"1290\" data-end=\"1307\">Google Play<\/strong><\/a>.<\/p>\n\t\t<\/div>\n\t<\/div>\n\t\n\t<div id=\"accordion-1744632185\" class=\"accordion-item\">\n\t\t<a id=\"accordion-1744632185-label\" class=\"accordion-title plain\" href=\"#accordion-item-kiek-laiko-programa-bus-palaikoma?\" aria-expanded=\"false\" aria-controls=\"accordion-1744632185-content\">\n\t\t\t<button class=\"toggle\" aria-label=\"Toggle\"><i class=\"icon-angle-down\" aria-hidden=\"true\"><\/i><\/button>\n\t\t\t<span>Kiek laiko programa bus palaikoma?<\/span>\n\t\t<\/a>\n\t\t<div id=\"accordion-1744632185-content\" class=\"accordion-inner\" aria-labelledby=\"accordion-1744632185-label\">\n\t\t\t\n<p>Nuotrauk\u0173 r\u0117melis nepriklauso nuo debes\u0173 veikimui. \u201eTap-to-Print\u201c technologija leid\u017eia atnaujinti tiesiogiai i\u0161 j\u016bs\u0173 telefono. Kol turite program\u0105, galite atnaujinti nuotraukas.<\/p>\n\t\t<\/div>\n\t<\/div>\n\t\n\t<div id=\"accordion-1283497535\" class=\"accordion-item\">\n\t\t<a id=\"accordion-1283497535-label\" class=\"accordion-title plain\" href=\"#accordion-item-ar-reikalingas-wi-fi-ry\u0161ys?\" aria-expanded=\"false\" aria-controls=\"accordion-1283497535-content\">\n\t\t\t<button class=\"toggle\" aria-label=\"Toggle\"><i class=\"icon-angle-down\" aria-hidden=\"true\"><\/i><\/button>\n\t\t\t<span>Ar reikalingas Wi-Fi ry\u0161ys?<\/span>\n\t\t<\/a>\n\t\t<div id=\"accordion-1283497535-content\" class=\"accordion-inner\" aria-labelledby=\"accordion-1283497535-label\">\n\t\t\t\n<p>Ne. Nuotrauk\u0173 atnaujinimai vyksta tiesiogiai i\u0161 telefono \u012f r\u0117mel\u012f, ir Wi-Fi nereikalingas. Telefonas aptinka r\u0117mel\u012f per NFC, o nuotrauk\u0173 perdavimas vyksta per NFC + Bluetooth.<\/p>\n\t\t<\/div>\n\t<\/div>\n\t\n<\/div>\n\t\t<\/div>\n\t\t\t\t\t<\/div>\n\n\t\n<\/div>\n\n\t<section class=\"section\" id=\"section_1698247780\">\n\t\t<div class=\"section-bg fill\" >\n\t\t\t\t\t\t\t\t\t\n\t\t\t\n\n\t\t<\/div>\n\n\t\t\n\n\t\t<div class=\"section-content relative\">\n\t\t\t\n\t<div id=\"gap-1097187000\" class=\"gap-element clearfix\" style=\"display:block; height:auto;\">\n\t\t\n<style>\n#gap-1097187000 {\n  padding-top: 10px;\n}\n@media (min-width:850px) {\n  #gap-1097187000 {\n    padding-top: 30px;\n  }\n}\n<\/style>\n\t<\/div>\n\t\n\t\t<\/div>\n\n\t\t\n<style>\n#section_1698247780 {\n  padding-top: 0px;\n  padding-bottom: 0px;\n}\n@media (min-width:850px) {\n  #section_1698247780 {\n    padding-top: 0px;\n    padding-bottom: 0px;\n  }\n}\n<\/style>\n\t<\/section>\n\t\n","protected":false},"excerpt":{"rendered":"","protected":false},"author":1,"featured_media":0,"parent":0,"menu_order":0,"comment_status":"closed","ping_status":"closed","template":"page-blank.php","meta":{"footnotes":""},"class_list":["post-1554","page","type-page","status-publish","hentry"],"jetpack_sharing_enabled":true,"_links":{"self":[{"href":"https:\/\/smartplusart.com\/lt\/wp-json\/wp\/v2\/pages\/1554","targetHints":{"allow":["GET"]}}],"collection":[{"href":"https:\/\/smartplusart.com\/lt\/wp-json\/wp\/v2\/pages"}],"about":[{"href":"https:\/\/smartplusart.com\/lt\/wp-json\/wp\/v2\/types\/page"}],"author":[{"embeddable":true,"href":"https:\/\/smartplusart.com\/lt\/wp-json\/wp\/v2\/users\/1"}],"replies":[{"embeddable":true,"href":"https:\/\/smartplusart.com\/lt\/wp-json\/wp\/v2\/comments?post=1554"}],"version-history":[{"count":2,"href":"https:\/\/smartplusart.com\/lt\/wp-json\/wp\/v2\/pages\/1554\/revisions"}],"predecessor-version":[{"id":1564,"href":"https:\/\/smartplusart.com\/lt\/wp-json\/wp\/v2\/pages\/1554\/revisions\/1564"}],"wp:attachment":[{"href":"https:\/\/smartplusart.com\/lt\/wp-json\/wp\/v2\/media?parent=1554"}],"curies":[{"name":"wp","href":"https:\/\/api.w.org\/{rel}","templated":true}]}}