{"id":1565,"date":"2024-05-27T05:44:33","date_gmt":"2024-05-27T05:44:33","guid":{"rendered":"https:\/\/smartplusart.com\/kontaktai\/"},"modified":"2026-01-30T07:09:30","modified_gmt":"2026-01-30T07:09:30","slug":"kontaktai","status":"publish","type":"page","link":"https:\/\/smartplusart.com\/lt\/kontaktai\/","title":{"rendered":"Kontaktai"},"content":{"rendered":"\n\t<section class=\"section\" id=\"section_638812412\">\n\t\t<div class=\"section-bg fill\" >\n\t\t\t\t\t\t\t\t\t\n\t\t\t\n\n\t\t<\/div>\n\n\t\t\n\n\t\t<div class=\"section-content relative\">\n\t\t\t\n\t<div id=\"gap-1357691729\" class=\"gap-element clearfix\" style=\"display:block; height:auto;\">\n\t\t\n<style>\n#gap-1357691729 {\n  padding-top: 30px;\n}\n@media (min-width:550px) {\n  #gap-1357691729 {\n    padding-top: 30px;\n  }\n}\n<\/style>\n\t<\/div>\n\t\n<div class=\"row align-middle\"  id=\"row-106376312\">\n\n\t<div id=\"col-2127160243\" class=\"col medium-12 small-12 large-5\"  >\n\t\t\t\t<div class=\"col-inner\"  >\n\t\t\t\n\t\t\t\n\t<div id=\"gap-633027864\" class=\"gap-element clearfix hide-for-medium\" style=\"display:block; height:auto;\">\n\t\t\n<style>\n#gap-633027864 {\n  padding-top: 20px;\n}\n<\/style>\n\t<\/div>\n\t\n\t<div id=\"text-2783922473\" class=\"text\">\n\t\t\n<h1>Inovatyvus skaitmeninis nuotrauk\u0173 r\u0117melis jau prieinamas Lietuvoje<\/h1>\n\t\t\n<style>\n#text-2783922473 {\n  font-size: 1.25rem;\n}\n@media (min-width:550px) {\n  #text-2783922473 {\n    font-size: 1.5rem;\n  }\n}\n<\/style>\n\t<\/div>\n\t\n<p>Esame oficialus Reflection Frame prek\u0117s \u017eenklo atstovas Estijoje, Latvijoje ir Lietuvoje.<\/p>\n\t\t<\/div>\n\t\t\t\t\n<style>\n#col-2127160243 > .col-inner {\n  padding: 0px 0px 0px 0px;\n}\n@media (min-width:850px) {\n  #col-2127160243 > .col-inner {\n    padding: 0px 10% 0px 0px;\n  }\n}\n<\/style>\n\t<\/div>\n\n\t\n\n\t<div id=\"col-727970463\" class=\"col medium-12 small-12 large-7 medium-col-first\"  >\n\t\t\t\t<div class=\"col-inner\"  >\n\t\t\t\n\t\t\t\n\n  <div class=\"banner has-hover round-corners\" id=\"banner-2143586482\">\n          <div class=\"banner-inner fill\">\n        <div class=\"banner-bg fill\" >\n            <img loading=\"lazy\" decoding=\"async\" width=\"1700\" height=\"956\" src=\"https:\/\/smartplusart.com\/wp-content\/uploads\/2024\/06\/tap_to_print_image.webp\" class=\"bg attachment-original size-original\" alt=\"\" \/>                                    \n                    <\/div>\n\t\t\n        <div class=\"banner-layers container\">\n            <div class=\"fill banner-link\"><\/div>            \n        <\/div>\n      <\/div>\n\n            \n<style>\n#banner-2143586482 {\n  padding-top: 180px;\n  background-color: rgba(255, 255, 255, 0);\n}\n#banner-2143586482 .banner-bg img {\n  object-position: 37% 19%;\n}\n@media (min-width:550px) {\n  #banner-2143586482 {\n    padding-top: 300px;\n  }\n}\n@media (min-width:850px) {\n  #banner-2143586482 {\n    padding-top: 400px;\n  }\n}\n<\/style>\n  <\/div>\n\n\n\t\t<\/div>\n\t\t\t\t\t<\/div>\n\n\t\n<\/div>\n\t\t<\/div>\n\n\t\t\n<style>\n#section_638812412 {\n  padding-top: 10px;\n  padding-bottom: 10px;\n  background-color: rgb(248, 247, 245);\n}\n@media (min-width:550px) {\n  #section_638812412 {\n    padding-top: 10px;\n    padding-bottom: 10px;\n  }\n}\n@media (min-width:850px) {\n  #section_638812412 {\n    padding-top: 30px;\n    padding-bottom: 30px;\n  }\n}\n<\/style>\n\t<\/section>\n\t\n\n\t<section class=\"section\" id=\"section_588467877\">\n\t\t<div class=\"section-bg fill\" >\n\t\t\t\t\t\t\t\t\t\n\t\t\t\n\n\t\t<\/div>\n\n\t\t\n\n\t\t<div class=\"section-content relative\">\n\t\t\t\n\t<div id=\"gap-930615504\" class=\"gap-element clearfix\" style=\"display:block; height:auto;\">\n\t\t\n<style>\n#gap-930615504 {\n  padding-top: 20px;\n}\n@media (min-width:550px) {\n  #gap-930615504 {\n    padding-top: 30px;\n  }\n}\n@media (min-width:850px) {\n  #gap-930615504 {\n    padding-top: 30px;\n  }\n}\n<\/style>\n\t<\/div>\n\t\n<div class=\"row align-equal align-center\"  id=\"row-1389977669\">\n\n\t<div id=\"col-931341920\" class=\"col medium-6 small-12 large-4\"  >\n\t\t\t\t<div class=\"col-inner\"  >\n\t\t\t\n\t<div class=\"is-border\"\n\t\tstyle=\"border-color:rgb(229, 228, 226);border-radius:20px;border-width:1px 1px 1px 1px;\">\n\t<\/div>\n\t\t\t\n<div class=\"row row-collapse align-center\"  id=\"row-1314423430\">\n\n\t<div id=\"col-836020428\" class=\"col medium-10 small-10 large-10\"  >\n\t\t\t\t<div class=\"col-inner\"  >\n\t\t\t\n\t\t\t\n\t<div id=\"stack-1954015908\" class=\"stack stack-row justify-between items-center\">\n\t\t\n\n\t<a class=\"plain\" href=\"#\" >\t<div class=\"icon-box featured-box icon-box-left text-left\"  >\n\t\t\t\t<div class=\"icon-box-text last-reset\">\n\t\t\t\t\t\t\t\t\t\n<h4>Kontaktin\u0117 informacija<\/h4>\n\t\t<\/div>\n\t<\/div>\n\t<\/a>\n\t\n<a href=\"#\" class=\"button primary is-link\" >\n\t\t<span><\/span>\n\t<i class=\"icon-angle-right\" aria-hidden=\"true\"><\/i><\/a>\n\n\t\t\n<style>\n#stack-1954015908 > * {\n  --stack-gap: 0rem;\n}\n<\/style>\n\t<\/div>\n\t\n\t\t<\/div>\n\t\t\t\t\t<\/div>\n\n\t\n<\/div>\n<div class=\"is-divider divider clearfix\" style=\"margin-top:15px;margin-bottom:15px;max-width:100%;height:1px;background-color:#e5e4e2;\"><\/div>\n\t<div id=\"gap-1482946461\" class=\"gap-element clearfix\" style=\"display:block; height:auto;\">\n\t\t\n<style>\n#gap-1482946461 {\n  padding-top: 5px;\n}\n@media (min-width:550px) {\n  #gap-1482946461 {\n    padding-top: 10px;\n  }\n}\n<\/style>\n\t<\/div>\n\t\n<div class=\"row row-collapse align-center\"  id=\"row-270782106\">\n\n\t<div id=\"col-1995590082\" class=\"col medium-10 small-10 large-10\"  >\n\t\t\t\t<div class=\"col-inner\"  >\n\t\t\t\n\t\t\t\n\t<div id=\"text-3142184840\" class=\"text collapse\">\n\t\t\n<p>Norite \u012fsigyti daugiau nei 2 nuotrauk\u0173 r\u0117melius? Turite klausim\u0173, \u012f kuriuos neradote atsakymo m\u016bs\u0173 svetain\u0117je? Susisiekite su mumis telefonu +372 5039999 arba el. pa\u0161tu info@smartplusart.com.<\/p>\n\t\t\n<style>\n#text-3142184840 {\n  font-size: 1rem;\n}\n<\/style>\n\t<\/div>\n\t\n\t\t<\/div>\n\t\t\t\t\t<\/div>\n\n\t\n<\/div>\n\t\t<\/div>\n\t\t\t\t\t<\/div>\n\n\t\n\n\t<div id=\"col-1930438391\" class=\"col medium-6 small-12 large-4\"  >\n\t\t\t\t<div class=\"col-inner\"  >\n\t\t\t\n\t<div class=\"is-border\"\n\t\tstyle=\"border-color:rgb(229, 228, 226);border-radius:20px;border-width:1px 1px 1px 1px;\">\n\t<\/div>\n\t\t\t\n<div class=\"row row-collapse align-center\"  id=\"row-1385536062\">\n\n\t<div id=\"col-1786451274\" class=\"col medium-10 small-10 large-10\"  >\n\t\t\t\t<div class=\"col-inner\"  >\n\t\t\t\n\t\t\t\n\t<div id=\"stack-308586307\" class=\"stack stack-row justify-between items-center\">\n\t\t\n\n\t<a class=\"plain\" href=\"#\" >\t<div class=\"icon-box featured-box icon-box-left text-left\"  >\n\t\t\t\t<div class=\"icon-box-text last-reset\">\n\t\t\t\t\t\t\t\t\t\n<h4>K\u0105 mes darome<\/h4>\n\t\t<\/div>\n\t<\/div>\n\t<\/a>\n\t\n<a href=\"#\" class=\"button primary is-link\" >\n\t\t<span><\/span>\n\t<i class=\"icon-angle-right\" aria-hidden=\"true\"><\/i><\/a>\n\n\t\t\n<style>\n#stack-308586307 > * {\n  --stack-gap: 0rem;\n}\n<\/style>\n\t<\/div>\n\t\n\t\t<\/div>\n\t\t\t\t\t<\/div>\n\n\t\n<\/div>\n<div class=\"is-divider divider clearfix\" style=\"margin-top:15px;margin-bottom:15px;max-width:100%;height:1px;background-color:#e5e4e2;\"><\/div>\n\t<div id=\"gap-2103443290\" class=\"gap-element clearfix\" style=\"display:block; height:auto;\">\n\t\t\n<style>\n#gap-2103443290 {\n  padding-top: 5px;\n}\n@media (min-width:550px) {\n  #gap-2103443290 {\n    padding-top: 10px;\n  }\n}\n<\/style>\n\t<\/div>\n\t\n<div class=\"row row-collapse align-center\"  id=\"row-320979608\">\n\n\t<div id=\"col-1906661682\" class=\"col medium-10 small-10 large-10\"  >\n\t\t\t\t<div class=\"col-inner\"  >\n\t\t\t\n\t\t\t\n\t<div id=\"text-4043889652\" class=\"text collapse\">\n\t\t\n<p>Esame Estijos \u012fmon\u0117, veikianti \u012fvairiose srityse, \u012fskaitant rinkodaros konsultacijas. Nuo 2026 met\u0173 prad\u017eios esame oficialus Reflection Frame platintojas Baltijos \u0161alyse.<\/p>\n\t\t\n<style>\n#text-4043889652 {\n  font-size: 1rem;\n}\n<\/style>\n\t<\/div>\n\t\n\t\t<\/div>\n\t\t\t\t\t<\/div>\n\n\t\n<\/div>\n\t\t<\/div>\n\t\t\t\t\t<\/div>\n\n\t\n\n\t<div id=\"col-1998046941\" class=\"col medium-6 small-12 large-4\"  >\n\t\t\t\t<div class=\"col-inner\"  >\n\t\t\t\n\t<div class=\"is-border\"\n\t\tstyle=\"border-color:rgb(229, 228, 226);border-radius:20px;border-width:1px 1px 1px 1px;\">\n\t<\/div>\n\t\t\t\n<div class=\"row row-collapse align-center\"  id=\"row-1109421204\">\n\n\t<div id=\"col-695059970\" class=\"col medium-10 small-10 large-10\"  >\n\t\t\t\t<div class=\"col-inner\"  >\n\t\t\t\n\t\t\t\n\t<div id=\"stack-3276233315\" class=\"stack stack-row justify-between items-center\">\n\t\t\n\n\t<a class=\"plain\" href=\"#\" >\t<div class=\"icon-box featured-box icon-box-left text-left\"  >\n\t\t\t\t<div class=\"icon-box-text last-reset\">\n\t\t\t\t\t\t\t\t\t\n<h4>\u012emon\u0117s duomenys<\/h4>\n\t\t<\/div>\n\t<\/div>\n\t<\/a>\n\t\n<a href=\"#\" class=\"button primary is-link\" >\n\t\t<span><\/span>\n\t<i class=\"icon-angle-right\" aria-hidden=\"true\"><\/i><\/a>\n\n\t\t\n<style>\n#stack-3276233315 > * {\n  --stack-gap: 0rem;\n}\n<\/style>\n\t<\/div>\n\t\n\t\t<\/div>\n\t\t\t\t\t<\/div>\n\n\t\n<\/div>\n<div class=\"is-divider divider clearfix\" style=\"margin-top:15px;margin-bottom:15px;max-width:100%;height:1px;background-color:#e5e4e2;\"><\/div>\n\t<div id=\"gap-1781749592\" class=\"gap-element clearfix\" style=\"display:block; height:auto;\">\n\t\t\n<style>\n#gap-1781749592 {\n  padding-top: 5px;\n}\n@media (min-width:550px) {\n  #gap-1781749592 {\n    padding-top: 10px;\n  }\n}\n<\/style>\n\t<\/div>\n\t\n<div class=\"row row-collapse align-center\"  id=\"row-42476491\">\n\n\t<div id=\"col-1770559549\" class=\"col medium-10 small-10 large-10\"  >\n\t\t\t\t<div class=\"col-inner\"  >\n\t\t\t\n\t\t\t\n\t<div id=\"text-3530621605\" class=\"text collapse\">\n\t\t\n<p>Turundusjuhid O\u00dc<br \/>\nReg. Nr.: 12664260<br \/>\nTalinas, Estija<\/p>\n\t\t\n<style>\n#text-3530621605 {\n  font-size: 1rem;\n}\n<\/style>\n\t<\/div>\n\t\n\t\t<\/div>\n\t\t\t\t\t<\/div>\n\n\t\n<\/div>\n\t\t<\/div>\n\t\t\t\t\t<\/div>\n\n\t\n\n<style>\n#row-1389977669 > .col > .col-inner {\n  padding: 15px 0px 25px 0px;\n}\n@media (min-width:550px) {\n  #row-1389977669 > .col > .col-inner {\n    padding: 20px 0px 30px 0px;\n  }\n}\n<\/style>\n<\/div>\n<span class=\"scroll-to\" data-label=\"Scroll to: #\u017einut\u0117\" data-bullet=\"false\" data-link=\"#\u017einut\u0117\" data-title=\"\u017einut\u0117\"><a name=\"\u017einut\u0117\"><\/a><\/span>\n\t\t<\/div>\n\n\t\t\n<style>\n#section_588467877 {\n  padding-top: 30px;\n  padding-bottom: 30px;\n}\n@media (min-width:550px) {\n  #section_588467877 {\n    padding-top: 40px;\n    padding-bottom: 40px;\n  }\n}\n@media (min-width:850px) {\n  #section_588467877 {\n    padding-top: 50px;\n    padding-bottom: 50px;\n  }\n}\n<\/style>\n\t<\/section>\n\t\n\n\t<section class=\"section\" id=\"section_569895879\">\n\t\t<div class=\"section-bg fill\" >\n\t\t\t\t\t\t\t\t\t\n\t\t\t\n\n\t\t<\/div>\n\n\t\t\n\n\t\t<div class=\"section-content relative\">\n\t\t\t\n<div class=\"row\"  id=\"row-818279409\">\n\n\t<div id=\"col-758882534\" class=\"col small-12 large-12\"  >\n\t\t\t\t<div class=\"col-inner\"  >\n\t\t\t\n\t\t\t\n<div class=\"row row-collapse align-middle\"  id=\"row-1123158906\">\n\n\t<div id=\"col-1860793549\" class=\"col medium-12 small-12 large-6\"  >\n\t\t\t\t<div class=\"col-inner\"  >\n\t\t\t\n\t\t\t\n\n  <div class=\"banner has-hover round-corners\" id=\"banner-958402640\">\n          <div class=\"banner-inner fill\">\n        <div class=\"banner-bg fill\" >\n            <img loading=\"lazy\" decoding=\"async\" width=\"1700\" height=\"956\" src=\"https:\/\/smartplusart.com\/wp-content\/uploads\/2026\/01\/like_papger.webp\" class=\"bg attachment-original size-original\" alt=\"\" \/>                                    \n                    <\/div>\n\t\t\n        <div class=\"banner-layers container\">\n            <div class=\"fill banner-link\"><\/div>            \n        <\/div>\n      <\/div>\n\n            \n<style>\n#banner-958402640 {\n  padding-top: 180px;\n  background-color: rgba(255, 255, 255, 0);\n}\n#banner-958402640 .banner-bg img {\n  object-position: 38% 68%;\n}\n@media (min-width:550px) {\n  #banner-958402640 {\n    padding-top: 300px;\n  }\n}\n@media (min-width:850px) {\n  #banner-958402640 {\n    padding-top: 450px;\n  }\n}\n<\/style>\n  <\/div>\n\n\n\t\t<\/div>\n\t\t\t\t\t<\/div>\n\n\t\n\n\t<div id=\"col-836792792\" class=\"col medium-12 small-12 large-6\"  >\n\t\t\t\t<div class=\"col-inner\"  >\n\t\t\t\n\t\t\t\n\t<div id=\"gap-879856245\" class=\"gap-element clearfix\" style=\"display:block; height:auto;\">\n\t\t\n<style>\n#gap-879856245 {\n  padding-top: 30px;\n}\n@media (min-width:850px) {\n  #gap-879856245 {\n    padding-top: 20px;\n  }\n}\n<\/style>\n\t<\/div>\n\t\n\t<div id=\"text-233590263\" class=\"text\">\n\t\t\n<h2>Nedvejodami susisiekite su mumis<\/h2>\n\t\t\n<style>\n#text-233590263 {\n  font-size: 1.25rem;\n}\n@media (min-width:550px) {\n  #text-233590263 {\n    font-size: 1.35rem;\n  }\n}\n<\/style>\n\t<\/div>\n\t\n\n<div class=\"wpforms-container wpforms-render-modern\" id=\"wpforms-14\"><form id=\"wpforms-form-14\" class=\"wpforms-validate wpforms-form wpforms-ajax-form\" data-formid=\"14\" method=\"post\" enctype=\"multipart\/form-data\" action=\"\/lt\/wp-json\/wp\/v2\/pages\/1565\" data-token=\"3920424dfe6feb9ec3bb25998d9697b9\" data-token-time=\"1775979832\"><noscript class=\"wpforms-error-noscript\">Please enable JavaScript in your browser to complete this form.<\/noscript><div id=\"wpforms-error-noscript\" style=\"display: none;\">Please enable JavaScript in your browser to complete this form.<\/div><div class=\"wpforms-field-container\">\t\t<div id=\"wpforms-14-field_3-container\"\n\t\t\tclass=\"wpforms-field wpforms-field-text\"\n\t\t\tdata-field-type=\"text\"\n\t\t\tdata-field-id=\"3\"\n\t\t\t>\n\t\t\t<label class=\"wpforms-field-label\" for=\"wpforms-14-field_3\" >El. \u017dinut\u0117 Vardas<\/label>\n\t\t\t<input type=\"text\" id=\"wpforms-14-field_3\" class=\"wpforms-field-medium\" name=\"wpforms[fields][3]\" >\n\t\t<\/div>\n\t\t<div id=\"wpforms-14-field_1-container\" class=\"wpforms-field wpforms-field-name\" data-field-id=\"1\"><label class=\"wpforms-field-label\" for=\"wpforms-14-field_1\">Vardas <span class=\"wpforms-required-label\" aria-hidden=\"true\">*<\/span><\/label><input type=\"text\" id=\"wpforms-14-field_1\" class=\"wpforms-field-large wpforms-field-required\" name=\"wpforms[fields][1]\" aria-errormessage=\"wpforms-14-field_1-error\" required><\/div><div id=\"wpforms-14-field_2-container\" class=\"wpforms-field wpforms-field-email\" data-field-id=\"2\"><label class=\"wpforms-field-label\" for=\"wpforms-14-field_2\">El. pa\u0161tas <span class=\"wpforms-required-label\" aria-hidden=\"true\">*<\/span><\/label><input type=\"email\" id=\"wpforms-14-field_2\" class=\"wpforms-field-large wpforms-field-required\" name=\"wpforms[fields][2]\" spellcheck=\"false\" aria-errormessage=\"wpforms-14-field_2-error\" required><\/div><div id=\"wpforms-14-field_4-container\" class=\"wpforms-field wpforms-field-textarea\" data-field-id=\"4\"><label class=\"wpforms-field-label\" for=\"wpforms-14-field_4\">\u017dinut\u0117 <span class=\"wpforms-required-label\" aria-hidden=\"true\">*<\/span><\/label><textarea id=\"wpforms-14-field_4\" class=\"wpforms-field-large wpforms-field-required\" name=\"wpforms[fields][4]\" aria-errormessage=\"wpforms-14-field_4-error\" required><\/textarea><\/div><script>\n\t\t\t\t( function() {\n\t\t\t\t\tconst style = document.createElement( 'style' );\n\t\t\t\t\tstyle.appendChild( document.createTextNode( '#wpforms-14-field_3-container { position: absolute !important; overflow: hidden !important; display: inline !important; height: 1px !important; width: 1px !important; z-index: -1000 !important; padding: 0 !important; } #wpforms-14-field_3-container input { visibility: hidden; } #wpforms-conversational-form-page #wpforms-14-field_3-container label { counter-increment: none; }' ) );\n\t\t\t\t\tdocument.head.appendChild( style );\n\t\t\t\t\tdocument.currentScript?.remove();\n\t\t\t\t} )();\n\t\t\t<\/script><\/div><!-- .wpforms-field-container --><div class=\"wpforms-submit-container\" ><input type=\"hidden\" name=\"wpforms[id]\" value=\"14\"><input type=\"hidden\" name=\"page_title\" value=\"\"><input type=\"hidden\" name=\"page_url\" value=\"https:\/\/smartplusart.com\/lt\/wp-json\/wp\/v2\/pages\/1565\"><input type=\"hidden\" name=\"url_referer\" value=\"\"><button type=\"submit\" name=\"wpforms[submit]\" id=\"wpforms-submit-14\" class=\"wpforms-submit\" data-alt-text=\"Siun\u010diu...\" data-submit-text=\"Si\u0173sti\" aria-live=\"assertive\" value=\"wpforms-submit\">Si\u0173sti<\/button><img loading=\"lazy\" decoding=\"async\" src=\"https:\/\/smartplusart.com\/wp-content\/plugins\/wpforms-lite\/assets\/images\/submit-spin.svg\" class=\"wpforms-submit-spinner\" style=\"display: none;\" width=\"26\" height=\"26\" alt=\"Loading\"><\/div><\/form><\/div>  <!-- .wpforms-container -->\n\n\t\t<\/div>\n\t\t\t\t\n<style>\n#col-836792792 > .col-inner {\n  padding: 0px 0px 0px 0px;\n}\n@media (min-width:850px) {\n  #col-836792792 > .col-inner {\n    padding: 0px 0px 0px 10%;\n  }\n}\n<\/style>\n\t<\/div>\n\n\t\n<\/div>\n\t\t<\/div>\n\t\t\t\t\t<\/div>\n\n\t\n\n<style>\n#row-818279409 > .col > .col-inner {\n  padding: 10% 10% 5% 10%;\n  background-color: #f8f7f5;\n  border-radius: 20px;\n}\n@media (min-width:550px) {\n  #row-818279409 > .col > .col-inner {\n    padding: 5% 5% 3% 5%;\n  }\n}\n@media (min-width:850px) {\n  #row-818279409 > .col > .col-inner {\n    padding: 4% 4% 4% 4%;\n  }\n}\n<\/style>\n<\/div>\n\t\t<\/div>\n\n\t\t\n<style>\n#section_569895879 {\n  padding-top: 0px;\n  padding-bottom: 0px;\n}\n<\/style>\n\t<\/section>\n\t\n","protected":false},"excerpt":{"rendered":"","protected":false},"author":1,"featured_media":0,"parent":0,"menu_order":0,"comment_status":"closed","ping_status":"closed","template":"page-blank.php","meta":{"footnotes":""},"class_list":["post-1565","page","type-page","status-publish","hentry"],"jetpack_sharing_enabled":true,"_links":{"self":[{"href":"https:\/\/smartplusart.com\/lt\/wp-json\/wp\/v2\/pages\/1565","targetHints":{"allow":["GET"]}}],"collection":[{"href":"https:\/\/smartplusart.com\/lt\/wp-json\/wp\/v2\/pages"}],"about":[{"href":"https:\/\/smartplusart.com\/lt\/wp-json\/wp\/v2\/types\/page"}],"author":[{"embeddable":true,"href":"https:\/\/smartplusart.com\/lt\/wp-json\/wp\/v2\/users\/1"}],"replies":[{"embeddable":true,"href":"https:\/\/smartplusart.com\/lt\/wp-json\/wp\/v2\/comments?post=1565"}],"version-history":[{"count":6,"href":"https:\/\/smartplusart.com\/lt\/wp-json\/wp\/v2\/pages\/1565\/revisions"}],"predecessor-version":[{"id":1648,"href":"https:\/\/smartplusart.com\/lt\/wp-json\/wp\/v2\/pages\/1565\/revisions\/1648"}],"wp:attachment":[{"href":"https:\/\/smartplusart.com\/lt\/wp-json\/wp\/v2\/media?parent=1565"}],"curies":[{"name":"wp","href":"https:\/\/api.w.org\/{rel}","templated":true}]}}