{"id":1625,"date":"2024-06-18T06:34:57","date_gmt":"2024-06-18T06:34:57","guid":{"rendered":"https:\/\/smartplusart.com\/pardavimo-salygos\/"},"modified":"2026-01-30T07:04:58","modified_gmt":"2026-01-30T07:04:58","slug":"pardavimo-salygos","status":"publish","type":"page","link":"https:\/\/smartplusart.com\/lt\/pardavimo-salygos\/","title":{"rendered":"Pardavimo s\u0105lygos"},"content":{"rendered":"\n\t<section class=\"section\" id=\"section_1882897315\">\n\t\t<div class=\"section-bg fill\" >\n\t\t\t\t\t\t\t\t\t\n\t\t\t\n\n\t\t<\/div>\n\n\t\t\n\n\t\t<div class=\"section-content relative\">\n\t\t\t\n<div class=\"row\"  id=\"row-1399119151\">\n\n\t<div id=\"col-493113848\" class=\"col small-12 large-12\"  >\n\t\t\t\t<div class=\"col-inner\"  >\n\t\t\t\n\t\t\t\n\t<div id=\"gap-1297326320\" class=\"gap-element clearfix\" style=\"display:block; height:auto;\">\n\t\t\n<style>\n#gap-1297326320 {\n  padding-top: 20px;\n}\n@media (min-width:550px) {\n  #gap-1297326320 {\n    padding-top: 10px;\n  }\n}\n@media (min-width:850px) {\n  #gap-1297326320 {\n    padding-top: 30px;\n  }\n}\n<\/style>\n\t<\/div>\n\t\n<h1>Pardavimo s\u0105lygos<\/h1>\n\t<div id=\"gap-446642214\" class=\"gap-element clearfix\" style=\"display:block; height:auto;\">\n\t\t\n<style>\n#gap-446642214 {\n  padding-top: 30px;\n}\n@media (min-width:550px) {\n  #gap-446642214 {\n    padding-top: 35px;\n  }\n}\n<\/style>\n\t<\/div>\n\t\n<div class=\"row\"  id=\"row-1930170659\">\n\n\t<div id=\"col-568924039\" class=\"col medium-12 small-12 large-9\"  >\n\t\t\t\t<div class=\"col-inner\"  >\n\t\t\t\n\t\t\t\n<div class=\"row row-collapse\"  id=\"row-747744780\">\n\n\t<div id=\"col-2100246209\" class=\"col small-12 large-12\"  >\n\t\t\t\t<div class=\"col-inner\"  >\n\t\t\t\n\t<div class=\"is-border\"\n\t\tstyle=\"border-color:rgb(229, 228, 226);border-radius:20px;border-width:1px 1px 1px 1px;\">\n\t<\/div>\n\t\t\t\n<p>Internetin\u0117s parduotuv\u0117s www.smartplusart.com (toliau \u2013 Internetin\u0117 parduotuv\u0117) savininkas yra Turundusjuhid O\u00dc (registracijos kodas 12664260), \u012fsik\u016brusi Taline, Estijoje.<\/p>\n<h3><strong>Pardavimo sutarties galiojimas, produkto ir kainos informacija<\/strong><\/h3>\n<p>Pardavimo s\u0105lygos taikomos perkant prekes i\u0161 Internetin\u0117s parduotuv\u0117s.<\/p>\n<p>Internetin\u0117je parduotuv\u0117je parduodam\u0173 produkt\u0173 kainos nurodytos \u0161alia produkt\u0173.<\/p>\n<p>Prie kainos bus prid\u0117tas pristatymo mokestis.<\/p>\n<p>Pristatymo mokestis priklauso nuo pirk\u0117jo vietos ir pasirinkto pristatymo b\u016bdo.<\/p>\n<p>Pristatymo mokestis bus rodomas pirk\u0117jui pateikiant u\u017esakym\u0105.<\/p>\n<p>Produkto informacija pateikiama tiesiogiai \u0161alia produkto Internetin\u0117je parduotuv\u0117je.<\/p>\n<h3><strong>U\u017esakymo pateikimas<\/strong><\/h3>\n<p>Nor\u0117dami u\u017esisakyti prekes, turite prid\u0117ti norimus produktus \u012f savo pirkini\u0173 krep\u0161el\u012f.<\/p>\n<p>Nor\u0117dami pateikti u\u017esakym\u0105, turite u\u017epildyti reikiamus laukus ir pasirinkti tinkam\u0105 produkto pristatymo b\u016bd\u0105. Tuomet ekrane bus rodoma bendra suma, kuri\u0105 galima sumok\u0117ti per banko nuorod\u0105 arba kit\u0105 mok\u0117jimo sprendim\u0105.  <\/p>\n<p>Sutartis \u012fsigalioja, kai mok\u0117jimas gaunamas \u012f Internetin\u0117s parduotuv\u0117s banko s\u0105skait\u0105.<\/p>\n<p>Jei u\u017esakyt\u0173 preki\u0173 negalima pristatyti d\u0117l to, kad j\u0173 n\u0117ra sand\u0117lyje ar d\u0117l kit\u0173 prie\u017eas\u010di\u0173, pirk\u0117jas bus informuotas kuo grei\u010diau, o sumok\u0117ta suma (\u012fskaitant pristatymo i\u0161laidas) paprastai bus gr\u0105\u017einta per 1-2 darbo dienas. Priklausomai nuo mok\u0117jimo b\u016bdo, gr\u0105\u017einimas gali u\u017etrukti iki 7 darbo dien\u0173.  <\/p>\n<p><strong> <\/strong><\/p>\n<h3><strong>Pristatymas<\/strong><\/h3>\n<p>Prek\u0117s siun\u010diamos \u012f \u0161ias \u0161alis: Estija, Latvija, Lietuva.<\/p>\n<p>Pirk\u0117jas padengia pristatymo i\u0161laidas, o atitinkama kainos informacija rodoma \u0161alia pristatymo b\u016bdo.<\/p>\n<p>Siuntos Estijoje paprastai pasiekia pirk\u0117jo nurodyt\u0105 viet\u0105 per 2-4 darbo dienas nuo pardavimo sutarties \u012fsigaliojimo datos. Pristatymas u\u017e Estijos rib\u0173 vyksta per 7 kalendorines dienas.  <\/p>\n<p>I\u0161imtiniais atvejais prek\u0117s gali b\u016bti pristatytos per iki 30 kalendorini\u0173 dien\u0173.<\/p>\n<p>Jei Internetin\u0117 parduotuv\u0117 informavo pirk\u0117j\u0105 svetain\u0117je arba u\u017esakymo patvirtinime apie pristatymo problemas ir termin\u0105, vir\u0161ijant\u012f 30 kalendorini\u0173 dien\u0173, taikomas Internetin\u0117s parduotuv\u0117s paskelbtas terminas.<\/p>\n<\/p>\n<h3><strong>Atsisakymo teis\u0117<\/strong><\/h3>\n<p>Gav\u0119s u\u017esakym\u0105, pirk\u0117jas turi teis\u0119 atsisakyti sutarties, sudarytos internetin\u0117je parduotuv\u0117je, per 14 dien\u0173.<\/p>\n<p>Atsisakymo teis\u0117 netaikoma, jei pirk\u0117jas yra juridinis asmuo.<\/p>\n<p>Norint pasinaudoti 14 dien\u0173 gr\u0105\u017einimo teise, u\u017esakytos prek\u0117s negali b\u016bti naudojamos kitaip nei b\u016btina<\/p>\n<p>nustatyti preki\u0173 pob\u016bd\u012f, savybes ir veikim\u0105, kaip leid\u017eiama tikrinti prekes fizin\u0117je parduotuv\u0117je.<\/p>\n<p>Jei prek\u0117s buvo naudojamos kitais tikslais nei b\u016btina nustatyti j\u0173 pob\u016bd\u012f, savybes ir veikim\u0105, arba rodo naudojimo ar nusid\u0117v\u0117jimo po\u017eymius, Internetin\u0117 parduotuv\u0117 turi teis\u0119 suma\u017einti gr\u0105\u017einimo sum\u0105 proporcingai preki\u0173 vert\u0117s suma\u017e\u0117jimui.<\/p>\n<p>Norint gr\u0105\u017einti prekes, turi b\u016bti pateiktas atsisakymo nuo pirkimo parei\u0161kimas ir i\u0161si\u0173stas el. pa\u0161to adresu ne v\u0117liau kaip per 14 dien\u0173 nuo preki\u0173 gavimo.<\/p>\n<p>Pirk\u0117jas padengia preki\u0173 gr\u0105\u017einimo i\u0161laidas, i\u0161skyrus atvejus, kai gr\u0105\u017einimo prie\u017eastis yra ta, kad prek\u0117 neatitinka u\u017esakymo (pvz., neteisinga ar brokuota prek\u0117).<\/p>\n<p>Pirk\u0117jas turi gr\u0105\u017einti prekes per 14 dien\u0173 nuo parei\u0161kimo pateikimo arba pateikti \u012frodym\u0105, kad per min\u0117t\u0105 laikotarp\u012f perdav\u0117 prekes ve\u017e\u0117jui.<\/p>\n<p>Gavusi gr\u0105\u017eintas prekes, Internetin\u0117 parduotuv\u0117 nedelsdama gr\u0105\u017eins pirk\u0117jui visas pagal sutart\u012f gautas sumas, bet ne v\u0117liau kaip per 14 dien\u0173 nuo atsisakymo parei\u0161kimo gavimo.<\/p>\n<p>Internetin\u0117 parduotuv\u0117 gali atsisakyti gr\u0105\u017einti pinigus, kol negaus sutarties objekto arba kol pirk\u0117jas nepateiks \u012frodymo, kad i\u0161siunt\u0117 prek\u0119 atgal, priklausomai nuo to, kas \u012fvyks pirmiau.<\/p>\n<p>Jei pirk\u0117jas ai\u0161kiai pasirinko pristatymo b\u016bd\u0105, skirting\u0105 nuo pigiausio standartinio pristatymo b\u016bdo, kur\u012f si\u016blo Internetin\u0117 parduotuv\u0117, Internetin\u0117 parduotuv\u0117 neprivalo gr\u0105\u017einti vartotojui i\u0161laid\u0173, vir\u0161ijan\u010di\u0173 standartinio pristatymo b\u016bdo i\u0161laidas.<\/p>\n<p>Internetin\u0117 parduotuv\u0117 turi teis\u0119 atsisakyti pardavimo sandorio ir reikalauti, kad pirk\u0117jas gr\u0105\u017eint\u0173 prekes, jei preki\u0173 kaina internetin\u0117je parduotuv\u0117je buvo \u017eymiai ma\u017eesn\u0117 u\u017e rinkos kain\u0105 d\u0117l klaidos.<\/p>\n<p><strong> <\/strong><\/p>\n<h3><strong>Teis\u0117 pateikti skund\u0105<\/strong><\/h3>\n<p>Internetin\u0117 parduotuv\u0117 atsako u\u017e bet kok\u012f preki\u0173, parduot\u0173 pirk\u0117jui, neatitikim\u0105 ar defekt\u0105, kuris egzistavo pristatymo metu ir pasirei\u0161kia per dvejus metus nuo preki\u0173 pristatymo pirk\u0117jui. Per pirmuosius metus nuo prek\u0117s pristatymo pirk\u0117jui laikoma, kad defektas egzistavo pristatymo metu. \u0160i\u0105 prielaid\u0105 paneigti yra Internetin\u0117s parduotuv\u0117s atsakomyb\u0117.   <\/p>\n<p>Atsiradus defektui, pirk\u0117jas turi teis\u0119 susisiekti su internetine parduotuve ne v\u0117liau kaip per du m\u0117nesius, si\u0173sdamas el. lai\u0161k\u0105 adresu info@smartplusart.com arba skambindamas: 5039999.<\/p>\n<p>Internetin\u0117 parduotuv\u0117 neatsako u\u017e defektus, atsiradusius po preki\u0173 pristatymo d\u0117l vartotojo veiksm\u0173 ar neveikimo (neteisingo naudojimo, avarijos ir pan.) arba jei tai yra normalus nusid\u0117v\u0117jimas, atsirandantis d\u0117l \u012fprasto daikto naudojimo.<\/p>\n<p>Jei Internetin\u0117je parduotuv\u0117je \u012fsigytos prek\u0117s turi defekt\u0173, u\u017e kuriuos atsako Internetin\u0117 parduotuv\u0117, Internetin\u0117 parduotuv\u0117 suremontuos arba pakeis defektuotas prekes. Jei preki\u0173 negalima suremontuoti ar pakeisti, Internetin\u0117 parduotuv\u0117 gr\u0105\u017eins pirk\u0117jui visas su pardavimo sutartimi susijusias sumas.  <\/p>\n<p>Internetin\u0117 parduotuv\u0117 atsakys \u012f vartotojo skund\u0105 ra\u0161tu arba atkuriama forma per 15 dien\u0173.<\/p>\n<\/p>\n<h3><strong>Gin\u010d\u0173 sprendimas<\/strong><\/h3>\n<p>Jei pirk\u0117jas turi skund\u0173 d\u0117l Internetin\u0117s parduotuv\u0117s, jie turi b\u016bti siun\u010diami el. pa\u0161to adresu info@smartplusart.com arba skambinant 5039999.<\/p>\n<p>Jei pirk\u0117jas ir Internetin\u0117 parduotuv\u0117 negali i\u0161spr\u0119sti gin\u010do susitarimu, pirk\u0117jas gali kreiptis \u012f Vartotoj\u0173 gin\u010d\u0173 komisij\u0105.<\/p>\n<p>Vartotoj\u0173 gin\u010d\u0173 komisija yra kompetentinga spr\u0119sti gin\u010dus, kylan\u010dius i\u0161 sutar\u010di\u0173, sudaryt\u0173 tarp pirk\u0117jo ir Internetin\u0117s parduotuv\u0117s. Pirk\u0117jo skundo nagrin\u0117jimas komisijoje yra nemokamas.  <\/p>\n<p>Pirk\u0117jas gali kreiptis \u012f Europos S\u0105jungos vartotoj\u0173 gin\u010d\u0173 sprendimo platform\u0105.<\/p>\n\t\t<\/div>\n\t\t\t\t\n<style>\n#col-2100246209 > .col-inner {\n  padding: 7% 7% 2% 7%;\n}\n@media (min-width:550px) {\n  #col-2100246209 > .col-inner {\n    padding: 6% 6% 2% 6%;\n  }\n}\n<\/style>\n\t<\/div>\n\n\t\n<\/div>\n\t\t<\/div>\n\t\t\t\t\n<style>\n#col-568924039 > .col-inner {\n  padding: 0px 0px 0px 0px;\n}\n@media (min-width:850px) {\n  #col-568924039 > .col-inner {\n    padding: 0px 5% 0px 0px;\n  }\n}\n<\/style>\n\t<\/div>\n\n\t\n\n\t<div id=\"col-167406097\" class=\"col medium-12 small-12 large-3\"  >\n\t\t<div class=\"is-sticky-column\"><div class=\"is-sticky-column__inner\">\t\t<div class=\"col-inner\"  >\n\t\t\t\n\t\t\t\n<div class=\"row row-collapse\"  id=\"row-563908133\">\n\n\n\t<div id=\"col-941237251\" class=\"col small-12 large-12\"  >\n\t\t\t\t<div class=\"col-inner\"  >\n\t\t\t\n\t\t\t\n\n\t<div class=\"ux-menu stack stack-col justify-start\">\n\t\t\n\n\t<div class=\"ux-menu-link flex menu-item\">\n\t\t<a class=\"ux-menu-link__link flex\" href=\"https:\/\/smartplusart.com\/terms-conditions\/\" >\n\t\t\t\t\t\t<span class=\"ux-menu-link__text\">\n\t\t\t\tPardavimo s\u0105lygos\t\t\t<\/span>\n\t\t<\/a>\n\t<\/div>\n\t\n\n\n\t<\/div>\n\t\n\n\t\t<\/div>\n\t\t\t\t\n<style>\n#col-941237251 > .col-inner {\n  margin: 0px 0px 10px 0px;\n}\n<\/style>\n\t<\/div>\n\n\t\n\n\t<div id=\"col-622467569\" class=\"col small-12 large-12\"  >\n\t\t\t\t<div class=\"col-inner\"  >\n\t\t\t\n\t\t\t\n\n\t<div class=\"ux-menu stack stack-col justify-start\">\n\t\t\n\n\t<div class=\"ux-menu-link flex menu-item\">\n\t\t<a class=\"ux-menu-link__link flex\" href=\"https:\/\/smartplusart.com\/privacy-policy\/\" >\n\t\t\t\t\t\t<span class=\"ux-menu-link__text\">\n\t\t\t\tPrivatumo politika\t\t\t<\/span>\n\t\t<\/a>\n\t<\/div>\n\t\n\n\n\t<\/div>\n\t\n\n\t\t<\/div>\n\t\t\t\t\n<style>\n#col-622467569 > .col-inner {\n  margin: 0px 0px 10px 0px;\n}\n<\/style>\n\t<\/div>\n\n\t\n\n\n<style>\n#row-563908133 > .col > .col-inner {\n  padding: 10px 20px 7px 20px;\n  background-color: rgb(248, 247, 245);\n  border-radius: 15px;\n}\n<\/style>\n<\/div>\n\t\t<\/div>\n\t\t<\/div><\/div>\t\t\t<\/div>\n\n\t\n<\/div>\n\t\t<\/div>\n\t\t\t\t\n<style>\n#col-493113848 > .col-inner {\n  margin: 0px 0px -50px 0px;\n}\n<\/style>\n\t<\/div>\n\n\t\n<\/div>\n\t\t<\/div>\n\n\t\t\n<style>\n#section_1882897315 {\n  padding-top: 10px;\n  padding-bottom: 10px;\n}\n<\/style>\n\t<\/section>\n\t\n","protected":false},"excerpt":{"rendered":"","protected":false},"author":1,"featured_media":0,"parent":0,"menu_order":0,"comment_status":"closed","ping_status":"closed","template":"page-blank.php","meta":{"footnotes":""},"class_list":["post-1625","page","type-page","status-publish","hentry"],"jetpack_sharing_enabled":true,"_links":{"self":[{"href":"https:\/\/smartplusart.com\/lt\/wp-json\/wp\/v2\/pages\/1625","targetHints":{"allow":["GET"]}}],"collection":[{"href":"https:\/\/smartplusart.com\/lt\/wp-json\/wp\/v2\/pages"}],"about":[{"href":"https:\/\/smartplusart.com\/lt\/wp-json\/wp\/v2\/types\/page"}],"author":[{"embeddable":true,"href":"https:\/\/smartplusart.com\/lt\/wp-json\/wp\/v2\/users\/1"}],"replies":[{"embeddable":true,"href":"https:\/\/smartplusart.com\/lt\/wp-json\/wp\/v2\/comments?post=1625"}],"version-history":[{"count":1,"href":"https:\/\/smartplusart.com\/lt\/wp-json\/wp\/v2\/pages\/1625\/revisions"}],"predecessor-version":[{"id":1628,"href":"https:\/\/smartplusart.com\/lt\/wp-json\/wp\/v2\/pages\/1625\/revisions\/1628"}],"wp:attachment":[{"href":"https:\/\/smartplusart.com\/lt\/wp-json\/wp\/v2\/media?parent=1625"}],"curies":[{"name":"wp","href":"https:\/\/api.w.org\/{rel}","templated":true}]}}