{"id":1679,"date":"2026-02-02T14:42:33","date_gmt":"2026-02-02T14:42:33","guid":{"rendered":"https:\/\/smartplusart.com\/?post_type=product&#038;p=1679"},"modified":"2026-02-02T14:45:30","modified_gmt":"2026-02-02T14:45:30","slug":"riesutmedzio-skaitmeninis-nuotrauku-remelis-kopeeri","status":"publish","type":"product","link":"https:\/\/smartplusart.com\/lt\/produktas\/riesutmedzio-skaitmeninis-nuotrauku-remelis-kopeeri\/","title":{"rendered":"Rie\u0161utmed\u017eio skaitmeninis nuotrauk\u0173 r\u0117melis (kopeeri)"},"content":{"rendered":"<p>Auk\u0161tos kokyb\u0117s skaitmeninis nuotrauk\u0173 r\u0117melis<\/p>\n<p>Naudokite Reflection Frame program\u0117l\u0119, kad patogiai si\u0173stum\u0117te nuotraukas i\u0161 savo telefono \u012f Reflection Frame.<\/p>\n<ul>\n<li>Belaidis ePopieriaus ekranas<\/li>\n<li>Bakstel\u0117jimo spausdinimo technologija<\/li>\n<li>Nereikia prenumeratos ar debes\u0173 paslaugos<\/li>\n<li>Iki 2 met\u0173 baterijos veikimo laikas vienu \u012fkrovimu*<\/li>\n<\/ul>\n<p>*2 met\u0173 baterijos veikimo laikas, remiantis vidutini\u0161kai trimis atnaujinimais per dien\u0105<\/p>\n","protected":false},"excerpt":{"rendered":"<p>Pirmasis pasaulyje belaidis skaitmeninis nuotrauk\u0173 r\u0117melis su E Ink ekranu. Rodykite savo m\u0117gstamas nuotraukas be \u201eWi-Fi\u201c, be m\u0117nesini\u0173 mokes\u010di\u0173.<br \/>\n<strong>Yra sand\u0117lyje Taline!<\/strong><\/p>\n","protected":false},"featured_media":1685,"template":"","meta":[],"product_brand":[],"product_cat":[62],"product_tag":[],"class_list":{"0":"post-1679","1":"product","2":"type-product","3":"status-publish","4":"has-post-thumbnail","6":"product_cat-uncategorized-lt","8":"first","9":"onbackorder","10":"taxable","11":"shipping-taxable","12":"purchasable","13":"product-type-simple"},"jetpack_sharing_enabled":true,"_links":{"self":[{"href":"https:\/\/smartplusart.com\/lt\/wp-json\/wp\/v2\/product\/1679","targetHints":{"allow":["GET"]}}],"collection":[{"href":"https:\/\/smartplusart.com\/lt\/wp-json\/wp\/v2\/product"}],"about":[{"href":"https:\/\/smartplusart.com\/lt\/wp-json\/wp\/v2\/types\/product"}],"wp:featuredmedia":[{"embeddable":true,"href":"https:\/\/smartplusart.com\/lt\/wp-json\/wp\/v2\/media\/1685"}],"wp:attachment":[{"href":"https:\/\/smartplusart.com\/lt\/wp-json\/wp\/v2\/media?parent=1679"}],"wp:term":[{"taxonomy":"product_brand","embeddable":true,"href":"https:\/\/smartplusart.com\/lt\/wp-json\/wp\/v2\/product_brand?post=1679"},{"taxonomy":"product_cat","embeddable":true,"href":"https:\/\/smartplusart.com\/lt\/wp-json\/wp\/v2\/product_cat?post=1679"},{"taxonomy":"product_tag","embeddable":true,"href":"https:\/\/smartplusart.com\/lt\/wp-json\/wp\/v2\/product_tag?post=1679"}],"curies":[{"name":"wp","href":"https:\/\/api.w.org\/{rel}","templated":true}]}}