{"id":1455,"date":"2024-05-27T05:44:33","date_gmt":"2024-05-27T05:44:33","guid":{"rendered":"https:\/\/smartplusart.com\/kontakti\/"},"modified":"2026-01-30T06:38:04","modified_gmt":"2026-01-30T06:38:04","slug":"kontakti","status":"publish","type":"page","link":"https:\/\/smartplusart.com\/lv\/kontakti\/","title":{"rendered":"Kontakti"},"content":{"rendered":"\n\t<section class=\"section\" id=\"section_44393930\">\n\t\t<div class=\"section-bg fill\" >\n\t\t\t\t\t\t\t\t\t\n\t\t\t\n\n\t\t<\/div>\n\n\t\t\n\n\t\t<div class=\"section-content relative\">\n\t\t\t\n\t<div id=\"gap-2119862651\" class=\"gap-element clearfix\" style=\"display:block; height:auto;\">\n\t\t\n<style>\n#gap-2119862651 {\n  padding-top: 30px;\n}\n@media (min-width:550px) {\n  #gap-2119862651 {\n    padding-top: 30px;\n  }\n}\n<\/style>\n\t<\/div>\n\t\n<div class=\"row align-middle\"  id=\"row-713188551\">\n\n\t<div id=\"col-32539097\" class=\"col medium-12 small-12 large-5\"  >\n\t\t\t\t<div class=\"col-inner\"  >\n\t\t\t\n\t\t\t\n\t<div id=\"gap-891748015\" class=\"gap-element clearfix hide-for-medium\" style=\"display:block; height:auto;\">\n\t\t\n<style>\n#gap-891748015 {\n  padding-top: 20px;\n}\n<\/style>\n\t<\/div>\n\t\n\t<div id=\"text-4007060398\" class=\"text\">\n\t\t\n<h1>Inovat\u012bvs digit\u0101lais bil\u017eu r\u0101mis tagad ir pieejams Latvij\u0101<\/h1>\n\t\t\n<style>\n#text-4007060398 {\n  font-size: 1.25rem;\n}\n@media (min-width:550px) {\n  #text-4007060398 {\n    font-size: 1.5rem;\n  }\n}\n<\/style>\n\t<\/div>\n\t\n<p>M\u0113s esam z\u012bmola Reflection Frame ofici\u0101lais p\u0101rst\u0101vis Igaunij\u0101, Latvij\u0101 un Lietuv\u0101.<\/p>\n\t\t<\/div>\n\t\t\t\t\n<style>\n#col-32539097 > .col-inner {\n  padding: 0px 0px 0px 0px;\n}\n@media (min-width:850px) {\n  #col-32539097 > .col-inner {\n    padding: 0px 10% 0px 0px;\n  }\n}\n<\/style>\n\t<\/div>\n\n\t\n\n\t<div id=\"col-1478935533\" class=\"col medium-12 small-12 large-7 medium-col-first\"  >\n\t\t\t\t<div class=\"col-inner\"  >\n\t\t\t\n\t\t\t\n\n  <div class=\"banner has-hover round-corners\" id=\"banner-991467920\">\n          <div class=\"banner-inner fill\">\n        <div class=\"banner-bg fill\" >\n            <img loading=\"lazy\" decoding=\"async\" width=\"1700\" height=\"956\" src=\"https:\/\/smartplusart.com\/wp-content\/uploads\/2024\/06\/tap_to_print_image.webp\" class=\"bg attachment-original size-original\" alt=\"\" \/>                                    \n                    <\/div>\n\t\t\n        <div class=\"banner-layers container\">\n            <div class=\"fill banner-link\"><\/div>            \n        <\/div>\n      <\/div>\n\n            \n<style>\n#banner-991467920 {\n  padding-top: 180px;\n  background-color: rgba(255, 255, 255, 0);\n}\n#banner-991467920 .banner-bg img {\n  object-position: 37% 19%;\n}\n@media (min-width:550px) {\n  #banner-991467920 {\n    padding-top: 300px;\n  }\n}\n@media (min-width:850px) {\n  #banner-991467920 {\n    padding-top: 400px;\n  }\n}\n<\/style>\n  <\/div>\n\n\n\t\t<\/div>\n\t\t\t\t\t<\/div>\n\n\t\n<\/div>\n\t\t<\/div>\n\n\t\t\n<style>\n#section_44393930 {\n  padding-top: 10px;\n  padding-bottom: 10px;\n  background-color: rgb(248, 247, 245);\n}\n@media (min-width:550px) {\n  #section_44393930 {\n    padding-top: 10px;\n    padding-bottom: 10px;\n  }\n}\n@media (min-width:850px) {\n  #section_44393930 {\n    padding-top: 30px;\n    padding-bottom: 30px;\n  }\n}\n<\/style>\n\t<\/section>\n\t\n\n\t<section class=\"section\" id=\"section_163855876\">\n\t\t<div class=\"section-bg fill\" >\n\t\t\t\t\t\t\t\t\t\n\t\t\t\n\n\t\t<\/div>\n\n\t\t\n\n\t\t<div class=\"section-content relative\">\n\t\t\t\n\t<div id=\"gap-1333992820\" class=\"gap-element clearfix\" style=\"display:block; height:auto;\">\n\t\t\n<style>\n#gap-1333992820 {\n  padding-top: 20px;\n}\n@media (min-width:550px) {\n  #gap-1333992820 {\n    padding-top: 30px;\n  }\n}\n@media (min-width:850px) {\n  #gap-1333992820 {\n    padding-top: 30px;\n  }\n}\n<\/style>\n\t<\/div>\n\t\n<div class=\"row align-equal align-center\"  id=\"row-802767749\">\n\n\t<div id=\"col-1371264488\" class=\"col medium-6 small-12 large-4\"  >\n\t\t\t\t<div class=\"col-inner\"  >\n\t\t\t\n\t<div class=\"is-border\"\n\t\tstyle=\"border-color:rgb(229, 228, 226);border-radius:20px;border-width:1px 1px 1px 1px;\">\n\t<\/div>\n\t\t\t\n<div class=\"row row-collapse align-center\"  id=\"row-1570452049\">\n\n\t<div id=\"col-869937349\" class=\"col medium-10 small-10 large-10\"  >\n\t\t\t\t<div class=\"col-inner\"  >\n\t\t\t\n\t\t\t\n\t<div id=\"stack-918251280\" class=\"stack stack-row justify-between items-center\">\n\t\t\n\n\t<a class=\"plain\" href=\"#\" >\t<div class=\"icon-box featured-box icon-box-left text-left\"  >\n\t\t\t\t<div class=\"icon-box-text last-reset\">\n\t\t\t\t\t\t\t\t\t\n<h4>Kontaktinform\u0101cija<\/h4>\n\t\t<\/div>\n\t<\/div>\n\t<\/a>\n\t\n<a href=\"#\" class=\"button primary is-link\" >\n\t\t<span><\/span>\n\t<i class=\"icon-angle-right\" aria-hidden=\"true\"><\/i><\/a>\n\n\t\t\n<style>\n#stack-918251280 > * {\n  --stack-gap: 0rem;\n}\n<\/style>\n\t<\/div>\n\t\n\t\t<\/div>\n\t\t\t\t\t<\/div>\n\n\t\n<\/div>\n<div class=\"is-divider divider clearfix\" style=\"margin-top:15px;margin-bottom:15px;max-width:100%;height:1px;background-color:#e5e4e2;\"><\/div>\n\t<div id=\"gap-1092209387\" class=\"gap-element clearfix\" style=\"display:block; height:auto;\">\n\t\t\n<style>\n#gap-1092209387 {\n  padding-top: 5px;\n}\n@media (min-width:550px) {\n  #gap-1092209387 {\n    padding-top: 10px;\n  }\n}\n<\/style>\n\t<\/div>\n\t\n<div class=\"row row-collapse align-center\"  id=\"row-1072365198\">\n\n\t<div id=\"col-635910410\" class=\"col medium-10 small-10 large-10\"  >\n\t\t\t\t<div class=\"col-inner\"  >\n\t\t\t\n\t\t\t\n\t<div id=\"text-3451722113\" class=\"text collapse\">\n\t\t\n<p>Vai v\u0113laties ieg\u0101d\u0101ties vair\u0101k nek\u0101 2 bil\u017eu r\u0101mjus? Vai jums ir jaut\u0101jums, uz kuru nav atbild\u0113ts m\u016bsu vietn\u0113? Sazinieties ar mums pa t\u0101lruni +372 5039999 vai e-pastu info@smartplusart.com.<\/p>\n\t\t\n<style>\n#text-3451722113 {\n  font-size: 1rem;\n}\n<\/style>\n\t<\/div>\n\t\n\t\t<\/div>\n\t\t\t\t\t<\/div>\n\n\t\n<\/div>\n\t\t<\/div>\n\t\t\t\t\t<\/div>\n\n\t\n\n\t<div id=\"col-1397252285\" class=\"col medium-6 small-12 large-4\"  >\n\t\t\t\t<div class=\"col-inner\"  >\n\t\t\t\n\t<div class=\"is-border\"\n\t\tstyle=\"border-color:rgb(229, 228, 226);border-radius:20px;border-width:1px 1px 1px 1px;\">\n\t<\/div>\n\t\t\t\n<div class=\"row row-collapse align-center\"  id=\"row-1073604545\">\n\n\t<div id=\"col-181143009\" class=\"col medium-10 small-10 large-10\"  >\n\t\t\t\t<div class=\"col-inner\"  >\n\t\t\t\n\t\t\t\n\t<div id=\"stack-1490282032\" class=\"stack stack-row justify-between items-center\">\n\t\t\n\n\t<a class=\"plain\" href=\"#\" >\t<div class=\"icon-box featured-box icon-box-left text-left\"  >\n\t\t\t\t<div class=\"icon-box-text last-reset\">\n\t\t\t\t\t\t\t\t\t\n<h4>Ko m\u0113s dar\u0101m<\/h4>\n\t\t<\/div>\n\t<\/div>\n\t<\/a>\n\t\n<a href=\"#\" class=\"button primary is-link\" >\n\t\t<span><\/span>\n\t<i class=\"icon-angle-right\" aria-hidden=\"true\"><\/i><\/a>\n\n\t\t\n<style>\n#stack-1490282032 > * {\n  --stack-gap: 0rem;\n}\n<\/style>\n\t<\/div>\n\t\n\t\t<\/div>\n\t\t\t\t\t<\/div>\n\n\t\n<\/div>\n<div class=\"is-divider divider clearfix\" style=\"margin-top:15px;margin-bottom:15px;max-width:100%;height:1px;background-color:#e5e4e2;\"><\/div>\n\t<div id=\"gap-136593315\" class=\"gap-element clearfix\" style=\"display:block; height:auto;\">\n\t\t\n<style>\n#gap-136593315 {\n  padding-top: 5px;\n}\n@media (min-width:550px) {\n  #gap-136593315 {\n    padding-top: 10px;\n  }\n}\n<\/style>\n\t<\/div>\n\t\n<div class=\"row row-collapse align-center\"  id=\"row-1901715247\">\n\n\t<div id=\"col-290455800\" class=\"col medium-10 small-10 large-10\"  >\n\t\t\t\t<div class=\"col-inner\"  >\n\t\t\t\n\t\t\t\n\t<div id=\"text-1607902153\" class=\"text collapse\">\n\t\t\n<p>M\u0113s esam Igaunijas uz\u0146\u0113mums, kas darbojas da\u017e\u0101d\u0101s jom\u0101s, tostarp m\u0101rketinga konsult\u0101ciju sektor\u0101. Kop\u0161 2026. gada s\u0101kuma m\u0113s esam Reflection Frame ofici\u0101lais izplat\u012bt\u0101js Baltij\u0101.<\/p>\n\t\t\n<style>\n#text-1607902153 {\n  font-size: 1rem;\n}\n<\/style>\n\t<\/div>\n\t\n\t\t<\/div>\n\t\t\t\t\t<\/div>\n\n\t\n<\/div>\n\t\t<\/div>\n\t\t\t\t\t<\/div>\n\n\t\n\n\t<div id=\"col-1541314785\" class=\"col medium-6 small-12 large-4\"  >\n\t\t\t\t<div class=\"col-inner\"  >\n\t\t\t\n\t<div class=\"is-border\"\n\t\tstyle=\"border-color:rgb(229, 228, 226);border-radius:20px;border-width:1px 1px 1px 1px;\">\n\t<\/div>\n\t\t\t\n<div class=\"row row-collapse align-center\"  id=\"row-1330402674\">\n\n\t<div id=\"col-595205583\" class=\"col medium-10 small-10 large-10\"  >\n\t\t\t\t<div class=\"col-inner\"  >\n\t\t\t\n\t\t\t\n\t<div id=\"stack-791998932\" class=\"stack stack-row justify-between items-center\">\n\t\t\n\n\t<a class=\"plain\" href=\"#\" >\t<div class=\"icon-box featured-box icon-box-left text-left\"  >\n\t\t\t\t<div class=\"icon-box-text last-reset\">\n\t\t\t\t\t\t\t\t\t\n<h4>Uz\u0146\u0113muma dati<\/h4>\n\t\t<\/div>\n\t<\/div>\n\t<\/a>\n\t\n<a href=\"#\" class=\"button primary is-link\" >\n\t\t<span><\/span>\n\t<i class=\"icon-angle-right\" aria-hidden=\"true\"><\/i><\/a>\n\n\t\t\n<style>\n#stack-791998932 > * {\n  --stack-gap: 0rem;\n}\n<\/style>\n\t<\/div>\n\t\n\t\t<\/div>\n\t\t\t\t\t<\/div>\n\n\t\n<\/div>\n<div class=\"is-divider divider clearfix\" style=\"margin-top:15px;margin-bottom:15px;max-width:100%;height:1px;background-color:#e5e4e2;\"><\/div>\n\t<div id=\"gap-555043418\" class=\"gap-element clearfix\" style=\"display:block; height:auto;\">\n\t\t\n<style>\n#gap-555043418 {\n  padding-top: 5px;\n}\n@media (min-width:550px) {\n  #gap-555043418 {\n    padding-top: 10px;\n  }\n}\n<\/style>\n\t<\/div>\n\t\n<div class=\"row row-collapse align-center\"  id=\"row-1800186534\">\n\n\t<div id=\"col-1321301742\" class=\"col medium-10 small-10 large-10\"  >\n\t\t\t\t<div class=\"col-inner\"  >\n\t\t\t\n\t\t\t\n\t<div id=\"text-2531008545\" class=\"text collapse\">\n\t\t\n<p>Turundusjuhid O\u00dc<br \/>\nRe\u0123. Nr.: 12664260<br \/>\nTallina, Igaunija<\/p>\n\t\t\n<style>\n#text-2531008545 {\n  font-size: 1rem;\n}\n<\/style>\n\t<\/div>\n\t\n\t\t<\/div>\n\t\t\t\t\t<\/div>\n\n\t\n<\/div>\n\t\t<\/div>\n\t\t\t\t\t<\/div>\n\n\t\n\n<style>\n#row-802767749 > .col > .col-inner {\n  padding: 15px 0px 25px 0px;\n}\n@media (min-width:550px) {\n  #row-802767749 > .col > .col-inner {\n    padding: 20px 0px 30px 0px;\n  }\n}\n<\/style>\n<\/div>\n<span class=\"scroll-to\" data-label=\"Scroll to: #zi\u0146a\" data-bullet=\"false\" data-link=\"#zi\u0146a\" data-title=\"zi\u0146a\"><a name=\"zi\u0146a\"><\/a><\/span>\n\t\t<\/div>\n\n\t\t\n<style>\n#section_163855876 {\n  padding-top: 30px;\n  padding-bottom: 30px;\n}\n@media (min-width:550px) {\n  #section_163855876 {\n    padding-top: 40px;\n    padding-bottom: 40px;\n  }\n}\n@media (min-width:850px) {\n  #section_163855876 {\n    padding-top: 50px;\n    padding-bottom: 50px;\n  }\n}\n<\/style>\n\t<\/section>\n\t\n\n\t<section class=\"section\" id=\"section_533816617\">\n\t\t<div class=\"section-bg fill\" >\n\t\t\t\t\t\t\t\t\t\n\t\t\t\n\n\t\t<\/div>\n\n\t\t\n\n\t\t<div class=\"section-content relative\">\n\t\t\t\n<div class=\"row\"  id=\"row-1894901861\">\n\n\t<div id=\"col-1036468768\" class=\"col small-12 large-12\"  >\n\t\t\t\t<div class=\"col-inner\"  >\n\t\t\t\n\t\t\t\n<div class=\"row row-collapse align-middle\"  id=\"row-1563394163\">\n\n\t<div id=\"col-744786089\" class=\"col medium-12 small-12 large-6\"  >\n\t\t\t\t<div class=\"col-inner\"  >\n\t\t\t\n\t\t\t\n\n  <div class=\"banner has-hover round-corners\" id=\"banner-651776058\">\n          <div class=\"banner-inner fill\">\n        <div class=\"banner-bg fill\" >\n            <img loading=\"lazy\" decoding=\"async\" width=\"1700\" height=\"956\" src=\"https:\/\/smartplusart.com\/wp-content\/uploads\/2026\/01\/like_papger.webp\" class=\"bg attachment-original size-original\" alt=\"\" \/>                                    \n                    <\/div>\n\t\t\n        <div class=\"banner-layers container\">\n            <div class=\"fill banner-link\"><\/div>            \n        <\/div>\n      <\/div>\n\n            \n<style>\n#banner-651776058 {\n  padding-top: 180px;\n  background-color: rgba(255, 255, 255, 0);\n}\n#banner-651776058 .banner-bg img {\n  object-position: 38% 68%;\n}\n@media (min-width:550px) {\n  #banner-651776058 {\n    padding-top: 300px;\n  }\n}\n@media (min-width:850px) {\n  #banner-651776058 {\n    padding-top: 450px;\n  }\n}\n<\/style>\n  <\/div>\n\n\n\t\t<\/div>\n\t\t\t\t\t<\/div>\n\n\t\n\n\t<div id=\"col-10664581\" class=\"col medium-12 small-12 large-6\"  >\n\t\t\t\t<div class=\"col-inner\"  >\n\t\t\t\n\t\t\t\n\t<div id=\"gap-2115745399\" class=\"gap-element clearfix\" style=\"display:block; height:auto;\">\n\t\t\n<style>\n#gap-2115745399 {\n  padding-top: 30px;\n}\n@media (min-width:850px) {\n  #gap-2115745399 {\n    padding-top: 20px;\n  }\n}\n<\/style>\n\t<\/div>\n\t\n\t<div id=\"text-1705534339\" class=\"text\">\n\t\t\n<h2>J\u016btieties br\u012bvi sazin\u0101ties ar mums<\/h2>\n\t\t\n<style>\n#text-1705534339 {\n  font-size: 1.25rem;\n}\n@media (min-width:550px) {\n  #text-1705534339 {\n    font-size: 1.35rem;\n  }\n}\n<\/style>\n\t<\/div>\n\t\n\n<div class=\"wpforms-container wpforms-render-modern\" id=\"wpforms-14\"><form id=\"wpforms-form-14\" class=\"wpforms-validate wpforms-form wpforms-ajax-form\" data-formid=\"14\" method=\"post\" enctype=\"multipart\/form-data\" action=\"\/lv\/wp-json\/wp\/v2\/pages\/1455\" data-token=\"3920424dfe6feb9ec3bb25998d9697b9\" data-token-time=\"1775979339\"><noscript class=\"wpforms-error-noscript\">Please enable JavaScript in your browser to complete this form.<\/noscript><div id=\"wpforms-error-noscript\" style=\"display: none;\">Please enable JavaScript in your browser to complete this form.<\/div><div class=\"wpforms-field-container\">\t\t<div id=\"wpforms-14-field_3-container\"\n\t\t\tclass=\"wpforms-field wpforms-field-text\"\n\t\t\tdata-field-type=\"text\"\n\t\t\tdata-field-id=\"3\"\n\t\t\t>\n\t\t\t<label class=\"wpforms-field-label\" for=\"wpforms-14-field_3\" >E-pasts Zi\u0146ojums V\u0101rds<\/label>\n\t\t\t<input type=\"text\" id=\"wpforms-14-field_3\" class=\"wpforms-field-medium\" name=\"wpforms[fields][3]\" >\n\t\t<\/div>\n\t\t<div id=\"wpforms-14-field_1-container\" class=\"wpforms-field wpforms-field-name\" data-field-id=\"1\"><label class=\"wpforms-field-label\" for=\"wpforms-14-field_1\">V\u0101rds <span class=\"wpforms-required-label\" aria-hidden=\"true\">*<\/span><\/label><input type=\"text\" id=\"wpforms-14-field_1\" class=\"wpforms-field-large wpforms-field-required\" name=\"wpforms[fields][1]\" aria-errormessage=\"wpforms-14-field_1-error\" required><\/div><div id=\"wpforms-14-field_2-container\" class=\"wpforms-field wpforms-field-email\" data-field-id=\"2\"><label class=\"wpforms-field-label\" for=\"wpforms-14-field_2\">E-pasts <span class=\"wpforms-required-label\" aria-hidden=\"true\">*<\/span><\/label><input type=\"email\" id=\"wpforms-14-field_2\" class=\"wpforms-field-large wpforms-field-required\" name=\"wpforms[fields][2]\" spellcheck=\"false\" aria-errormessage=\"wpforms-14-field_2-error\" required><\/div><div id=\"wpforms-14-field_4-container\" class=\"wpforms-field wpforms-field-textarea\" data-field-id=\"4\"><label class=\"wpforms-field-label\" for=\"wpforms-14-field_4\">Zi\u0146ojums <span class=\"wpforms-required-label\" aria-hidden=\"true\">*<\/span><\/label><textarea id=\"wpforms-14-field_4\" class=\"wpforms-field-large wpforms-field-required\" name=\"wpforms[fields][4]\" aria-errormessage=\"wpforms-14-field_4-error\" required><\/textarea><\/div><script>\n\t\t\t\t( function() {\n\t\t\t\t\tconst style = document.createElement( 'style' );\n\t\t\t\t\tstyle.appendChild( document.createTextNode( '#wpforms-14-field_3-container { position: absolute !important; overflow: hidden !important; display: inline !important; height: 1px !important; width: 1px !important; z-index: -1000 !important; padding: 0 !important; } #wpforms-14-field_3-container input { visibility: hidden; } #wpforms-conversational-form-page #wpforms-14-field_3-container label { counter-increment: none; }' ) );\n\t\t\t\t\tdocument.head.appendChild( style );\n\t\t\t\t\tdocument.currentScript?.remove();\n\t\t\t\t} )();\n\t\t\t<\/script><\/div><!-- .wpforms-field-container --><div class=\"wpforms-submit-container\" ><input type=\"hidden\" name=\"wpforms[id]\" value=\"14\"><input type=\"hidden\" name=\"page_title\" value=\"\"><input type=\"hidden\" name=\"page_url\" value=\"https:\/\/smartplusart.com\/lv\/wp-json\/wp\/v2\/pages\/1455\"><input type=\"hidden\" name=\"url_referer\" value=\"\"><button type=\"submit\" name=\"wpforms[submit]\" id=\"wpforms-submit-14\" class=\"wpforms-submit\" data-alt-text=\"S\u016btu...\" data-submit-text=\"S\u016bt\u012bt\" aria-live=\"assertive\" value=\"wpforms-submit\">S\u016bt\u012bt<\/button><img loading=\"lazy\" decoding=\"async\" src=\"https:\/\/smartplusart.com\/wp-content\/plugins\/wpforms-lite\/assets\/images\/submit-spin.svg\" class=\"wpforms-submit-spinner\" style=\"display: none;\" width=\"26\" height=\"26\" alt=\"Loading\"><\/div><\/form><\/div>  <!-- .wpforms-container -->\n\n\t\t<\/div>\n\t\t\t\t\n<style>\n#col-10664581 > .col-inner {\n  padding: 0px 0px 0px 0px;\n}\n@media (min-width:850px) {\n  #col-10664581 > .col-inner {\n    padding: 0px 0px 0px 10%;\n  }\n}\n<\/style>\n\t<\/div>\n\n\t\n<\/div>\n\t\t<\/div>\n\t\t\t\t\t<\/div>\n\n\t\n\n<style>\n#row-1894901861 > .col > .col-inner {\n  padding: 10% 10% 5% 10%;\n  background-color: #f8f7f5;\n  border-radius: 20px;\n}\n@media (min-width:550px) {\n  #row-1894901861 > .col > .col-inner {\n    padding: 5% 5% 3% 5%;\n  }\n}\n@media (min-width:850px) {\n  #row-1894901861 > .col > .col-inner {\n    padding: 4% 4% 4% 4%;\n  }\n}\n<\/style>\n<\/div>\n\t\t<\/div>\n\n\t\t\n<style>\n#section_533816617 {\n  padding-top: 0px;\n  padding-bottom: 0px;\n}\n<\/style>\n\t<\/section>\n\t\n","protected":false},"excerpt":{"rendered":"","protected":false},"author":1,"featured_media":0,"parent":0,"menu_order":0,"comment_status":"closed","ping_status":"closed","template":"page-blank.php","meta":{"footnotes":""},"class_list":["post-1455","page","type-page","status-publish","hentry"],"jetpack_sharing_enabled":true,"_links":{"self":[{"href":"https:\/\/smartplusart.com\/lv\/wp-json\/wp\/v2\/pages\/1455","targetHints":{"allow":["GET"]}}],"collection":[{"href":"https:\/\/smartplusart.com\/lv\/wp-json\/wp\/v2\/pages"}],"about":[{"href":"https:\/\/smartplusart.com\/lv\/wp-json\/wp\/v2\/types\/page"}],"author":[{"embeddable":true,"href":"https:\/\/smartplusart.com\/lv\/wp-json\/wp\/v2\/users\/1"}],"replies":[{"embeddable":true,"href":"https:\/\/smartplusart.com\/lv\/wp-json\/wp\/v2\/comments?post=1455"}],"version-history":[{"count":10,"href":"https:\/\/smartplusart.com\/lv\/wp-json\/wp\/v2\/pages\/1455\/revisions"}],"predecessor-version":[{"id":1550,"href":"https:\/\/smartplusart.com\/lv\/wp-json\/wp\/v2\/pages\/1455\/revisions\/1550"}],"wp:attachment":[{"href":"https:\/\/smartplusart.com\/lv\/wp-json\/wp\/v2\/media?parent=1455"}],"curies":[{"name":"wp","href":"https:\/\/api.w.org\/{rel}","templated":true}]}}