{"id":1495,"date":"2024-06-18T06:34:57","date_gmt":"2024-06-18T06:34:57","guid":{"rendered":"https:\/\/smartplusart.com\/pardosanas-noteikumi\/"},"modified":"2026-01-30T06:08:17","modified_gmt":"2026-01-30T06:08:17","slug":"pardosanas-noteikumi","status":"publish","type":"page","link":"https:\/\/smartplusart.com\/lv\/pardosanas-noteikumi\/","title":{"rendered":"P\u0101rdo\u0161anas noteikumi"},"content":{"rendered":"\n\t<section class=\"section\" id=\"section_1270325528\">\n\t\t<div class=\"section-bg fill\" >\n\t\t\t\t\t\t\t\t\t\n\t\t\t\n\n\t\t<\/div>\n\n\t\t\n\n\t\t<div class=\"section-content relative\">\n\t\t\t\n<div class=\"row\"  id=\"row-1589437470\">\n\n\t<div id=\"col-892796530\" class=\"col small-12 large-12\"  >\n\t\t\t\t<div class=\"col-inner\"  >\n\t\t\t\n\t\t\t\n\t<div id=\"gap-2114526163\" class=\"gap-element clearfix\" style=\"display:block; height:auto;\">\n\t\t\n<style>\n#gap-2114526163 {\n  padding-top: 20px;\n}\n@media (min-width:550px) {\n  #gap-2114526163 {\n    padding-top: 10px;\n  }\n}\n@media (min-width:850px) {\n  #gap-2114526163 {\n    padding-top: 30px;\n  }\n}\n<\/style>\n\t<\/div>\n\t\n<h1>P\u0101rdo\u0161anas noteikumi<\/h1>\n\t<div id=\"gap-1681767843\" class=\"gap-element clearfix\" style=\"display:block; height:auto;\">\n\t\t\n<style>\n#gap-1681767843 {\n  padding-top: 30px;\n}\n@media (min-width:550px) {\n  #gap-1681767843 {\n    padding-top: 35px;\n  }\n}\n<\/style>\n\t<\/div>\n\t\n<div class=\"row\"  id=\"row-36958414\">\n\n\t<div id=\"col-424509181\" class=\"col medium-12 small-12 large-9\"  >\n\t\t\t\t<div class=\"col-inner\"  >\n\t\t\t\n\t\t\t\n<div class=\"row row-collapse\"  id=\"row-1529146651\">\n\n\t<div id=\"col-1420911665\" class=\"col small-12 large-12\"  >\n\t\t\t\t<div class=\"col-inner\"  >\n\t\t\t\n\t<div class=\"is-border\"\n\t\tstyle=\"border-color:rgb(229, 228, 226);border-radius:20px;border-width:1px 1px 1px 1px;\">\n\t<\/div>\n\t\t\t\n<p>Tie\u0161saistes veikala www.smartplusart.com (turpm\u0101k tekst\u0101 \u2013 Tie\u0161saistes veikals) \u012bpa\u0161nieks ir Turundusjuhid O\u00dc (re\u0123istr\u0101cijas kods 12664260), kas atrodas Tallin\u0101, Igaunij\u0101.<\/p>\n<h3><strong>P\u0101rdo\u0161anas l\u012bguma sp\u0113k\u0101 esam\u012bba, inform\u0101cija par prec\u0113m un cen\u0101m<\/strong><\/h3>\n<p>P\u0101rdo\u0161anas noteikumi ir sp\u0113k\u0101, ieg\u0101d\u0101joties preces Tie\u0161saistes veikal\u0101.<\/p>\n<p>Tie\u0161saistes veikal\u0101 p\u0101rdoto pre\u010du cenas ir nor\u0101d\u012btas blakus prec\u0113m.<\/p>\n<p>Cenai tiks pievienota pieg\u0101des maksa.<\/p>\n<p>Pieg\u0101des maksa ir atkar\u012bga no pirc\u0113ja atra\u0161an\u0101s vietas un izv\u0113l\u0113t\u0101s pieg\u0101des metodes.<\/p>\n<p>Pieg\u0101des maksa pirc\u0113jam tiks par\u0101d\u012bta, veicot pas\u016bt\u012bjumu.<\/p>\n<p>Inform\u0101cija par preci ir sniegta tie\u0161i blakus precei Tie\u0161saistes veikal\u0101.<\/p>\n<h3><strong>Pas\u016bt\u012bjuma veik\u0161ana<\/strong><\/h3>\n<p>Lai pas\u016bt\u012btu preces, jums j\u0101pievieno v\u0113lam\u0101s preces iepirkumu grozam.<\/p>\n<p>Lai veiktu pas\u016bt\u012bjumu, jums j\u0101aizpilda oblig\u0101tie lauki un j\u0101izv\u0113las piem\u0113rota pre\u010du pieg\u0101des metode. P\u0113c tam ekr\u0101n\u0101 tiks par\u0101d\u012bta kop\u0113j\u0101 summa, ko var apmaks\u0101t, izmantojot bankas saiti vai citu maks\u0101jumu risin\u0101jumu.  <\/p>\n<p>L\u012bgums st\u0101jas sp\u0113k\u0101 p\u0113c maks\u0101juma sa\u0146em\u0161anas Tie\u0161saistes veikala bankas kont\u0101.<\/p>\n<p>Ja pas\u016bt\u012bt\u0101s preces nevar pieg\u0101d\u0101t to tr\u016bkuma vai cita iemesla d\u0113\u013c, pirc\u0113js tiks inform\u0113ts p\u0113c iesp\u0113jas \u0101tr\u0101k, un samaks\u0101t\u0101 summa (ieskaitot pieg\u0101des izmaksas) parasti tiks atmaks\u0101ta 1-2 darba dienu laik\u0101. Atkar\u012bb\u0101 no maks\u0101juma metodes atmaksa var ilgt l\u012bdz 7 darba dien\u0101m.  <\/p>\n<p><strong> <\/strong><\/p>\n<h3><strong>Pieg\u0101de<\/strong><\/h3>\n<p>Preces tiek pieg\u0101d\u0101tas uz \u0161\u0101d\u0101m valst\u012bm: Igaunija, Latvija, Lietuva.<\/p>\n<p>Pieg\u0101des izmaksas sedz pirc\u0113js, un attiec\u012bg\u0101 inform\u0101cija par cenu ir nor\u0101d\u012bta blakus pieg\u0101des metodei.<\/p>\n<p>S\u016bt\u012bjumi Igaunijas teritorij\u0101 parasti sasniedz pirc\u0113ja nor\u0101d\u012bto galam\u0113r\u0137i 2-4 darba dienu laik\u0101 no p\u0101rdo\u0161anas l\u012bguma sp\u0113k\u0101 st\u0101\u0161an\u0101s dienas. Pieg\u0101des \u0101rpus Igaunijas notiek 7 kalend\u0101ro dienu laik\u0101.  <\/p>\n<p>Iz\u0146\u0113muma gad\u012bjumos preces var tikt pieg\u0101d\u0101tas l\u012bdz 30 kalend\u0101ro dienu laik\u0101.<\/p>\n<p>Ja Tie\u0161saistes veikals ir inform\u0113jis pirc\u0113ju t\u012bmek\u013ca vietn\u0113 vai pas\u016bt\u012bjuma apstiprin\u0101jum\u0101 par pieg\u0101des probl\u0113m\u0101m un termi\u0146u, kas p\u0101rsniedz 30 kalend\u0101r\u0101s dienas, ir sp\u0113k\u0101 Tie\u0161saistes veikala public\u0113tais termi\u0146\u0161.<\/p>\n<\/p>\n<h3><strong>Atteikuma ties\u012bbas<\/strong><\/h3>\n<p>P\u0113c pas\u016bt\u012bjuma sa\u0146em\u0161anas pirc\u0113jam ir ties\u012bbas 14 dienu laik\u0101 atteikties no tie\u0161saistes veikal\u0101 nosl\u0113gt\u0101 l\u012bguma.<\/p>\n<p>Atteikuma ties\u012bbas nav sp\u0113k\u0101, ja pirc\u0113js ir juridiska persona.<\/p>\n<p>Lai izmantotu 14 dienu atgrie\u0161anas ties\u012bbas, pas\u016bt\u012bt\u0101s preces nedr\u012bkst b\u016bt izmantotas cit\u0101di, k\u0101 tikai t\u0101d\u0101 veid\u0101, kas ir nepiecie\u0161ams<\/p>\n<p>lai p\u0101rliecin\u0101tos par pre\u010du raksturu, \u012bpa\u0161\u012bb\u0101m un darb\u012bbu, veid\u0101, kas at\u013cauts pre\u010du p\u0101rbaudei fizisk\u0101 veikal\u0101.<\/p>\n<p>Ja preces ir izmantotas citiem m\u0113r\u0137iem, nevis tiem, kas nepiecie\u0161ami to rakstura, \u012bpa\u0161\u012bbu un darb\u012bbas noskaidro\u0161anai, vai t\u0101m ir lieto\u0161anas vai nolietojuma paz\u012bmes, Tie\u0161saistes veikalam ir ties\u012bbas samazin\u0101t atmaks\u0101jamo summu proporcion\u0101li pre\u010du v\u0113rt\u012bbas samazin\u0101jumam.<\/p>\n<p>Lai atgrieztu preces, pirkuma atteikuma deklar\u0101cija j\u0101iesniedz un j\u0101nos\u016bta uz e-pasta adresi ne v\u0113l\u0101k k\u0101 14 dienu laik\u0101 no pre\u010du sa\u0146em\u0161anas dienas.<\/p>\n<p>Pre\u010du atgrie\u0161anas izmaksas sedz pirc\u0113js, iz\u0146emot gad\u012bjumus, kad atgrie\u0161anas iemesls ir tas, ka prece neatbilst pas\u016bt\u012btajai (piem\u0113ram, nepareiza vai boj\u0101ta prece).<\/p>\n<p>Pirc\u0113jam preces j\u0101atgrie\u017e 14 dienu laik\u0101 p\u0113c deklar\u0101cijas iesnieg\u0161anas vai j\u0101iesniedz pier\u0101d\u012bjums, ka preces ir nodotas p\u0101rvad\u0101t\u0101jam min\u0113taj\u0101 termi\u0146\u0101.<\/p>\n<p>P\u0113c atgriezto pre\u010du sa\u0146em\u0161anas Tie\u0161saistes veikals nekav\u0113joties atmaks\u0101s pirc\u0113jam visus saska\u0146\u0101 ar l\u012bgumu sa\u0146emtos maks\u0101jumus, bet ne v\u0113l\u0101k k\u0101 14 dienu laik\u0101 no atteikuma deklar\u0101cijas sa\u0146em\u0161anas dienas.<\/p>\n<p>Tie\u0161saistes veikals var atteikties veikt atmaksu, l\u012bdz tas ir sa\u0146\u0113mis l\u012bguma priek\u0161metu vai l\u012bdz pirc\u0113js ir iesniedzis pier\u0101d\u012bjumu, ka prece ir nos\u016bt\u012bta atpaka\u013c, atkar\u012bb\u0101 no t\u0101, kas notiek pirmais.<\/p>\n<p>Ja pirc\u0113js ir skaidri izv\u0113l\u0113jies pieg\u0101des metodi, kas at\u0161\u0137iras no Tie\u0161saistes veikala pied\u0101v\u0101t\u0101s l\u0113t\u0101k\u0101s standarta pieg\u0101des metodes, Tie\u0161saistes veikals nav pien\u0101kums atmaks\u0101t pat\u0113r\u0113t\u0101jam izmaksas, kas p\u0101rsniedz standarta pieg\u0101des metodes izmaksas.<\/p>\n<p>Tie\u0161saistes veikalam ir ties\u012bbas atteikties no p\u0101rdo\u0161anas dar\u012bjuma un piepras\u012bt pre\u010du atgrie\u0161anu no pirc\u0113ja, ja pre\u010du cena tie\u0161saistes veikal\u0101 k\u013c\u016bdas d\u0113\u013c ir bijusi iev\u0113rojami zem\u0101ka par tirgus cenu.<\/p>\n<p><strong> <\/strong><\/p>\n<h3><strong>Ties\u012bbas iesniegt s\u016bdz\u012bbu<\/strong><\/h3>\n<p>Tie\u0161saistes veikals ir atbild\u012bgs par jebkuru p\u0101rdoto pre\u010du neatbilst\u012bbu vai defektu l\u012bguma noteikumiem, kas past\u0101v\u0113ja pieg\u0101des br\u012bd\u012b un par\u0101d\u0101s divu gadu laik\u0101 no pre\u010du pieg\u0101des pirc\u0113jam. Pirmaj\u0101 gad\u0101 no preces pieg\u0101des pirc\u0113jam tiek pie\u0146emts, ka defekts past\u0101v\u0113ja pieg\u0101des br\u012bd\u012b. \u0160\u012bs prezumpcijas atsp\u0113ko\u0161ana ir Tie\u0161saistes veikala atbild\u012bba.   <\/p>\n<p>Defekta gad\u012bjum\u0101 pirc\u0113jam ir ties\u012bbas sazin\u0101ties ar tie\u0161saistes veikalu ne v\u0113l\u0101k k\u0101 divu m\u0113ne\u0161u laik\u0101, nos\u016btot e-pastu uz info@smartplusart.com vai zvanot: 5039999.<\/p>\n<p>Tie\u0161saistes veikals nav atbild\u012bgs par defektiem, kas radu\u0161ies p\u0113c pre\u010du pieg\u0101des pat\u0113r\u0113t\u0101ja darb\u012bbas vai bezdarb\u012bbas (nepareiza lieto\u0161ana, negad\u012bjums utt.) d\u0113\u013c, vai ja tas ir norm\u0101ls nolietojums, kas radies preces parastas lieto\u0161anas rezult\u0101t\u0101.<\/p>\n<p>Ja Tie\u0161saistes veikal\u0101 ieg\u0101d\u0101taj\u0101m prec\u0113m ir defekti, par kuriem Tie\u0161saistes veikals ir atbild\u012bgs, Tie\u0161saistes veikals salabos vai nomain\u012bs boj\u0101t\u0101s preces. Ja preces nevar salabot vai nomain\u012bt, Tie\u0161saistes veikals atmaks\u0101s pirc\u0113jam visus ar p\u0101rdo\u0161anas l\u012bgumu saist\u012btos maks\u0101jumus.  <\/p>\n<p>Tie\u0161saistes veikals atbild\u0113s uz pat\u0113r\u0113t\u0101ja s\u016bdz\u012bbu rakstiski vai reproduc\u0113jam\u0101 veid\u0101 15 dienu laik\u0101.<\/p>\n<\/p>\n<h3><strong>Str\u012bdu risin\u0101\u0161ana<\/strong><\/h3>\n<p>Ja pirc\u0113jam ir s\u016bdz\u012bbas par Tie\u0161saistes veikalu, t\u0101s j\u0101nos\u016bta uz e-pasta adresi info@smartplusart.com vai zvanot uz 5039999.<\/p>\n<p>Ja pirc\u0113js un Tie\u0161saistes veikals nevar atrisin\u0101t str\u012bdu ar vieno\u0161anos, pirc\u0113js var v\u0113rsties Pat\u0113r\u0113t\u0101ju str\u012bdu risin\u0101\u0161anas komisij\u0101.<\/p>\n<p>Pat\u0113r\u0113t\u0101ju str\u012bdu risin\u0101\u0161anas komisija ir kompetenta risin\u0101t str\u012bdus, kas izriet no l\u012bgumiem, kas nosl\u0113gti starp pirc\u0113ju un Tie\u0161saistes veikalu. Pirc\u0113ja s\u016bdz\u012bbas izskat\u012b\u0161ana komisij\u0101 ir bez maksas.  <\/p>\n<p>Pirc\u0113js var v\u0113rsties Eiropas Savien\u012bbas pat\u0113r\u0113t\u0101ju str\u012bdu iz\u0161\u0137ir\u0161anas platform\u0101.<\/p>\n\t\t<\/div>\n\t\t\t\t\n<style>\n#col-1420911665 > .col-inner {\n  padding: 7% 7% 2% 7%;\n}\n@media (min-width:550px) {\n  #col-1420911665 > .col-inner {\n    padding: 6% 6% 2% 6%;\n  }\n}\n<\/style>\n\t<\/div>\n\n\t\n<\/div>\n\t\t<\/div>\n\t\t\t\t\n<style>\n#col-424509181 > .col-inner {\n  padding: 0px 0px 0px 0px;\n}\n@media (min-width:850px) {\n  #col-424509181 > .col-inner {\n    padding: 0px 5% 0px 0px;\n  }\n}\n<\/style>\n\t<\/div>\n\n\t\n\n\t<div id=\"col-730173111\" class=\"col medium-12 small-12 large-3\"  >\n\t\t<div class=\"is-sticky-column\"><div class=\"is-sticky-column__inner\">\t\t<div class=\"col-inner\"  >\n\t\t\t\n\t\t\t\n<div class=\"row row-collapse\"  id=\"row-958158476\">\n\n\n\t<div id=\"col-534978428\" class=\"col small-12 large-12\"  >\n\t\t\t\t<div class=\"col-inner\"  >\n\t\t\t\n\t\t\t\n\n\t<div class=\"ux-menu stack stack-col justify-start\">\n\t\t\n\n\t<div class=\"ux-menu-link flex menu-item\">\n\t\t<a class=\"ux-menu-link__link flex\" href=\"https:\/\/smartplusart.com\/terms-conditions\/\" >\n\t\t\t\t\t\t<span class=\"ux-menu-link__text\">\n\t\t\t\tP\u0101rdo\u0161anas noteikumi\t\t\t<\/span>\n\t\t<\/a>\n\t<\/div>\n\t\n\n\n\t<\/div>\n\t\n\n\t\t<\/div>\n\t\t\t\t\n<style>\n#col-534978428 > .col-inner {\n  margin: 0px 0px 10px 0px;\n}\n<\/style>\n\t<\/div>\n\n\t\n\n\t<div id=\"col-49705367\" class=\"col small-12 large-12\"  >\n\t\t\t\t<div class=\"col-inner\"  >\n\t\t\t\n\t\t\t\n\n\t<div class=\"ux-menu stack stack-col justify-start\">\n\t\t\n\n\t<div class=\"ux-menu-link flex menu-item\">\n\t\t<a class=\"ux-menu-link__link flex\" href=\"https:\/\/smartplusart.com\/privacy-policy\/\" >\n\t\t\t\t\t\t<span class=\"ux-menu-link__text\">\n\t\t\t\tPriv\u0101tuma politika\t\t\t<\/span>\n\t\t<\/a>\n\t<\/div>\n\t\n\n\n\t<\/div>\n\t\n\n\t\t<\/div>\n\t\t\t\t\n<style>\n#col-49705367 > .col-inner {\n  margin: 0px 0px 10px 0px;\n}\n<\/style>\n\t<\/div>\n\n\t\n\n\n<style>\n#row-958158476 > .col > .col-inner {\n  padding: 10px 20px 7px 20px;\n  background-color: rgb(248, 247, 245);\n  border-radius: 15px;\n}\n<\/style>\n<\/div>\n\t\t<\/div>\n\t\t<\/div><\/div>\t\t\t<\/div>\n\n\t\n<\/div>\n\t\t<\/div>\n\t\t\t\t\n<style>\n#col-892796530 > .col-inner {\n  margin: 0px 0px -50px 0px;\n}\n<\/style>\n\t<\/div>\n\n\t\n<\/div>\n\t\t<\/div>\n\n\t\t\n<style>\n#section_1270325528 {\n  padding-top: 10px;\n  padding-bottom: 10px;\n}\n<\/style>\n\t<\/section>\n\t\n","protected":false},"excerpt":{"rendered":"","protected":false},"author":1,"featured_media":0,"parent":0,"menu_order":0,"comment_status":"closed","ping_status":"closed","template":"page-blank.php","meta":{"footnotes":""},"class_list":["post-1495","page","type-page","status-publish","hentry"],"jetpack_sharing_enabled":true,"_links":{"self":[{"href":"https:\/\/smartplusart.com\/lv\/wp-json\/wp\/v2\/pages\/1495","targetHints":{"allow":["GET"]}}],"collection":[{"href":"https:\/\/smartplusart.com\/lv\/wp-json\/wp\/v2\/pages"}],"about":[{"href":"https:\/\/smartplusart.com\/lv\/wp-json\/wp\/v2\/types\/page"}],"author":[{"embeddable":true,"href":"https:\/\/smartplusart.com\/lv\/wp-json\/wp\/v2\/users\/1"}],"replies":[{"embeddable":true,"href":"https:\/\/smartplusart.com\/lv\/wp-json\/wp\/v2\/comments?post=1495"}],"version-history":[{"count":2,"href":"https:\/\/smartplusart.com\/lv\/wp-json\/wp\/v2\/pages\/1495\/revisions"}],"predecessor-version":[{"id":1497,"href":"https:\/\/smartplusart.com\/lv\/wp-json\/wp\/v2\/pages\/1495\/revisions\/1497"}],"wp:attachment":[{"href":"https:\/\/smartplusart.com\/lv\/wp-json\/wp\/v2\/media?parent=1495"}],"curies":[{"name":"wp","href":"https:\/\/api.w.org\/{rel}","templated":true}]}}