{"id":1522,"date":"2026-01-03T18:31:22","date_gmt":"2026-01-03T18:31:22","guid":{"rendered":"https:\/\/smartplusart.com\/lietotne-picture-frame\/"},"modified":"2026-01-30T06:09:11","modified_gmt":"2026-01-30T06:09:11","slug":"lietotne-picture-frame","status":"publish","type":"page","link":"https:\/\/smartplusart.com\/lv\/lietotne-picture-frame\/","title":{"rendered":"Lietotne Picture Frame"},"content":{"rendered":"\n\t<section class=\"section\" id=\"section_1572556953\">\n\t\t<div class=\"section-bg fill\" >\n\t\t\t\t\t\t\t\t\t\n\t\t\t\n\n\t\t<\/div>\n\n\t\t\n\n\t\t<div class=\"section-content relative\">\n\t\t\t\n\t<div id=\"gap-1012352181\" class=\"gap-element clearfix\" style=\"display:block; height:auto;\">\n\t\t\n<style>\n#gap-1012352181 {\n  padding-top: 30px;\n}\n@media (min-width:550px) {\n  #gap-1012352181 {\n    padding-top: 30px;\n  }\n}\n<\/style>\n\t<\/div>\n\t\n<div class=\"row align-middle\"  id=\"row-907956822\">\n\n\t<div id=\"col-1832719206\" class=\"col medium-12 small-12 large-7\"  >\n\t\t\t\t<div class=\"col-inner\"  >\n\t\t\t\n\t\t\t\n\n  <div class=\"banner has-hover round-corners\" id=\"banner-51119538\">\n          <div class=\"banner-inner fill\">\n        <div class=\"banner-bg fill\" >\n            <img loading=\"lazy\" decoding=\"async\" width=\"1700\" height=\"956\" src=\"https:\/\/smartplusart.com\/wp-content\/uploads\/2026\/01\/app.webp\" class=\"bg attachment-original size-original\" alt=\"\" \/>                                    \n                    <\/div>\n\t\t\n        <div class=\"banner-layers container\">\n            <div class=\"fill banner-link\"><\/div>            \n        <\/div>\n      <\/div>\n\n            \n<style>\n#banner-51119538 {\n  padding-top: 180px;\n  background-color: rgba(255, 255, 255, 0);\n}\n#banner-51119538 .banner-bg img {\n  object-position: 37% 19%;\n}\n@media (min-width:550px) {\n  #banner-51119538 {\n    padding-top: 300px;\n  }\n}\n@media (min-width:850px) {\n  #banner-51119538 {\n    padding-top: 400px;\n  }\n}\n<\/style>\n  <\/div>\n\n\n\t\t<\/div>\n\t\t\t\t\t<\/div>\n\n\t\n\n\t<div id=\"col-1886782747\" class=\"col medium-12 small-12 large-5\"  >\n\t\t\t\t<div class=\"col-inner\"  >\n\t\t\t\n\t\t\t\n\t<div id=\"gap-800139940\" class=\"gap-element clearfix hide-for-medium\" style=\"display:block; height:auto;\">\n\t\t\n<style>\n#gap-800139940 {\n  padding-top: 20px;\n}\n<\/style>\n\t<\/div>\n\t\n\t<div id=\"text-399572231\" class=\"text badge-purple\">\n\t\t\n<p>Lietotne<br \/>\n\t\t\n<style>\n#text-399572231 {\n  line-height: 0.75;\n}\n<\/style>\n\t<\/div>\n\t\n\t<div id=\"text-1757950353\" class=\"text\">\n\t\t\n<h1>Atlasiet att\u0113lu un pieskarieties r\u0101mim ar t\u0101lruni<\/h1>\n\t\t\n<style>\n#text-1757950353 {\n  font-size: 1.25rem;\n}\n@media (min-width:550px) {\n  #text-1757950353 {\n    font-size: 1.5rem;\n  }\n}\n<\/style>\n\t<\/div>\n\t\n<p>NFC tehnolo\u0123ija izveido savienojumu starp t\u0101lruni un bil\u017eu r\u0101mi. P\u0113c tam vid\u0113ji 20 sekun\u017eu laik\u0101 atlas\u012btais att\u0113ls tiek &#8220;druk\u0101ts&#8221; uz r\u0101mja.<\/p>\n\t\t<\/div>\n\t\t\t\t\n<style>\n#col-1886782747 > .col-inner {\n  padding: 0px 0px 0px 0px;\n}\n@media (min-width:850px) {\n  #col-1886782747 > .col-inner {\n    padding: 0px 0px 0px 10%;\n  }\n}\n<\/style>\n\t<\/div>\n\n\t\n<\/div>\n\t\t<\/div>\n\n\t\t\n<style>\n#section_1572556953 {\n  padding-top: 10px;\n  padding-bottom: 10px;\n  background-color: rgb(248, 247, 245);\n}\n@media (min-width:550px) {\n  #section_1572556953 {\n    padding-top: 30px;\n    padding-bottom: 30px;\n  }\n}\n<\/style>\n\t<\/section>\n\t\n\n\t<section class=\"section\" id=\"section_1599465035\">\n\t\t<div class=\"section-bg fill\" >\n\t\t\t\t\t\t\t\t\t\n\t\t\t\n\n\t\t<\/div>\n\n\t\t\n\n\t\t<div class=\"section-content relative\">\n\t\t\t\n\t<div id=\"gap-31093827\" class=\"gap-element clearfix\" style=\"display:block; height:auto;\">\n\t\t\n<style>\n#gap-31093827 {\n  padding-top: 20px;\n}\n@media (min-width:550px) {\n  #gap-31093827 {\n    padding-top: 30px;\n  }\n}\n@media (min-width:850px) {\n  #gap-31093827 {\n    padding-top: 30px;\n  }\n}\n<\/style>\n\t<\/div>\n\t\n<div class=\"row align-center\"  id=\"row-1222549527\">\n\n\t<div id=\"col-2065388255\" class=\"col medium-9 small-12 large-6\"  >\n\t\t\t\t<div class=\"col-inner text-center\"  >\n\t\t\t\n\t\t\t\n\t<div id=\"gap-2067897123\" class=\"gap-element clearfix\" style=\"display:block; height:auto;\">\n\t\t\n<style>\n#gap-2067897123 {\n  padding-top: 20px;\n}\n@media (min-width:550px) {\n  #gap-2067897123 {\n    padding-top: 30px;\n  }\n}\n@media (min-width:850px) {\n  #gap-2067897123 {\n    padding-top: 5px;\n  }\n}\n<\/style>\n\t<\/div>\n\t\n\t<div id=\"text-1019870421\" class=\"text\">\n\t\t\n<h2>Patiesi viegli lietojams<\/h2>\n\t\t\n<style>\n#text-1019870421 {\n  font-size: 1.1rem;\n}\n@media (min-width:550px) {\n  #text-1019870421 {\n    font-size: 1.5rem;\n  }\n}\n<\/style>\n\t<\/div>\n\t\n\t\t<\/div>\n\t\t\t\t\t<\/div>\n\n\t\n<\/div>\n\t\t<\/div>\n\n\t\t\n<style>\n#section_1599465035 {\n  padding-top: 10px;\n  padding-bottom: 10px;\n}\n@media (min-width:550px) {\n  #section_1599465035 {\n    padding-top: 10px;\n    padding-bottom: 10px;\n  }\n}\n@media (min-width:850px) {\n  #section_1599465035 {\n    padding-top: 10px;\n    padding-bottom: 10px;\n  }\n}\n<\/style>\n\t<\/section>\n\t\n\n\t<section class=\"section\" id=\"section_290410109\">\n\t\t<div class=\"section-bg fill\" >\n\t\t\t\t\t\t\t\t\t\n\t\t\t\n\n\t\t<\/div>\n\n\t\t\n\n\t\t<div class=\"section-content relative\">\n\t\t\t\n<div class=\"row\"  id=\"row-1101502123\">\n\n\t<div id=\"col-1123270840\" class=\"col small-12 large-12\"  >\n\t\t\t\t<div class=\"col-inner\"  >\n\t\t\t\n\t\t\t\n<div class=\"row row-collapse row-full-width align-middle\"  id=\"row-113660040\">\n\n\t<div id=\"col-115251101\" class=\"col medium-12 small-12 large-7\"  >\n\t\t\t\t<div class=\"col-inner\"  >\n\t\t\t\n\t\t\t\n\t<div id=\"gap-99212629\" class=\"gap-element clearfix hide-for-medium\" style=\"display:block; height:auto;\">\n\t\t\n<style>\n#gap-99212629 {\n  padding-top: 20px;\n}\n<\/style>\n\t<\/div>\n\t\n\t<div id=\"text-3499988212\" class=\"text\">\n\t\t\n\t\t\n<style>\n#text-3499988212 {\n  font-size: 1.15rem;\n}\n@media (min-width:550px) {\n  #text-3499988212 {\n    font-size: 1.35rem;\n  }\n}\n<\/style>\n\t<\/div>\n\t\n<p>Lietotne ir izstr\u0101d\u0101ta t\u0101, lai att\u0113lu nomai\u0146a b\u016btu tikpat vienk\u0101r\u0161a k\u0101 jauna att\u0113la uzlik\u0161ana uz sienas \u2013 nav nepiecie\u0161ama Wi-Fi iestat\u012b\u0161ana, konta izveide vai m\u0101ko\u0146pakalpojumi.<\/p>\n<p>Tehnolo\u0123iski j\u016bsu t\u0101lrunis nosaka r\u0101mi, izmantojot NFC, un p\u0101rs\u016bta att\u0113lu tie\u0161i uz r\u0101mi, izmantojot Bluetooth, kas noz\u012bm\u0113, ka r\u0101mim nav j\u0101b\u016bt tie\u0161saist\u0113 un fotoatt\u0113ls neiet caur serveriem. Lieto\u0161ana ir vienk\u0101r\u0161a: atveriet lietotni, atlasiet fotoatt\u0113lu vai m\u0101kslas att\u0113lu no galerijas, ja nepiecie\u0161ams, piel\u0101gojiet r\u0101mi un pietuviniet t\u0101lruni r\u0101mja apak\u0161\u0113jam kreisajam st\u016brim, kur tiek aktiviz\u0113ta funkcija &#8220;Pieskarieties, lai druk\u0101tu&#8221;. P\u0113c da\u017eiem mirk\u013ciem (vid\u0113ji 20 sekund\u0113m) tiek par\u0101d\u012bts jaunais att\u0113ls. T\u0101 k\u0101 r\u0101mis izmanto E Ink Spectra 6 e-pap\u012bra tehnolo\u0123iju, rezult\u0101ts izskat\u0101s dabisks un l\u012bdz\u012bgs pap\u012bram \u2013 bez fona apgaismojuma &#8220;ekr\u0101na sp\u012bduma&#8221;. Ener\u0123ija galvenok\u0101rt tiek pat\u0113r\u0113ta tikai tad, kad tiek main\u012bts att\u0113ls, nevis tad, kad tas kar\u0101jas pie sienas.<\/p>\n\t\t<\/div>\n\t\t\t\t\n<style>\n#col-115251101 > .col-inner {\n  padding: 8% 8% 8% 8%;\n}\n@media (min-width:550px) {\n  #col-115251101 > .col-inner {\n    padding: 5% 5% 5% 5%;\n  }\n}\n@media (min-width:850px) {\n  #col-115251101 > .col-inner {\n    padding: 0px 15% 0px 10%;\n  }\n}\n<\/style>\n\t<\/div>\n\n\t\n\n\t<div id=\"col-1203649108\" class=\"col medium-12 small-12 large-5 medium-col-first\"  >\n\t\t\t\t<div class=\"col-inner\"  >\n\t\t\t\n\t\t\t\n\n  <div class=\"banner has-hover round-corners-right has-video\" id=\"banner-677284392\">\n          <div class=\"banner-inner fill\">\n        <div class=\"banner-bg fill\" >\n                        \t<div class=\"video-overlay no-click fill visible\"><\/div>\n\t<video class=\"video-bg fill visible\" preload playsinline autoplay muted loop>\n\t\t<source src=\"https:\/\/smartplusart.com\/wp-content\/uploads\/2026\/01\/tap-to-2.mp4\" type=\"video\/mp4\">\t<\/video>\n                        \n                    <\/div>\n\t\t\n        <div class=\"banner-layers container\">\n            <div class=\"fill banner-link\"><\/div>            \n        <\/div>\n      <\/div>\n\n            \n<style>\n#banner-677284392 {\n  padding-top: 200px;\n  background-color: rgba(255, 255, 255, 0);\n}\n#banner-677284392 .banner-bg img {\n  object-position: 100% 37%;\n}\n@media (min-width:550px) {\n  #banner-677284392 {\n    padding-top: 300px;\n  }\n}\n@media (min-width:850px) {\n  #banner-677284392 {\n    padding-top: 400px;\n  }\n}\n<\/style>\n  <\/div>\n\n\n\t\t<\/div>\n\t\t\t\t\t<\/div>\n\n\t\n<\/div>\n\t\t<\/div>\n\t\t\t\t\t<\/div>\n\n\t\n\n<style>\n#row-1101502123 > .col > .col-inner {\n  background-color: #f8f7f5;\n  border-radius: 20px;\n}\n<\/style>\n<\/div>\n\t\t<\/div>\n\n\t\t\n<style>\n#section_290410109 {\n  padding-top: 0px;\n  padding-bottom: 0px;\n}\n@media (min-width:550px) {\n  #section_290410109 {\n    padding-top: 10px;\n    padding-bottom: 10px;\n  }\n}\n@media (min-width:850px) {\n  #section_290410109 {\n    padding-top: 30px;\n    padding-bottom: 30px;\n  }\n}\n<\/style>\n\t<\/section>\n\t\n\n\t<section class=\"section\" id=\"section_864600484\">\n\t\t<div class=\"section-bg fill\" >\n\t\t\t\t\t\t\t\t\t\n\t\t\t\n\n\t\t<\/div>\n\n\t\t\n\n\t\t<div class=\"section-content relative\">\n\t\t\t\n\t<div id=\"gap-954441735\" class=\"gap-element clearfix\" style=\"display:block; height:auto;\">\n\t\t\n<style>\n#gap-954441735 {\n  padding-top: 30px;\n}\n<\/style>\n\t<\/div>\n\t\n<div class=\"row row-small\"  id=\"row-901452321\">\n\n\t<div id=\"col-533275740\" class=\"col medium-3 small-6 large-3\"  >\n\t\t\t\t<div class=\"col-inner\"  >\n\t\t\t\n\t\t\t\n\n  <div class=\"banner has-hover round-corners\" id=\"banner-549704288\">\n          <div class=\"banner-inner fill\">\n        <div class=\"banner-bg fill\" >\n            <img loading=\"lazy\" decoding=\"async\" width=\"768\" height=\"1024\" src=\"https:\/\/smartplusart.com\/wp-content\/uploads\/2026\/01\/Dinner_Momentsa-1-768x1024.webp\" class=\"bg attachment-large size-large\" alt=\"\" \/>                                    \n                    <\/div>\n\t\t\n        <div class=\"banner-layers container\">\n            <div class=\"fill banner-link\"><\/div>            \n        <\/div>\n      <\/div>\n\n            \n<style>\n#banner-549704288 {\n  padding-top: 225px;\n  background-color: rgb(255, 255, 255);\n}\n@media (min-width:550px) {\n  #banner-549704288 {\n    padding-top: 250px;\n  }\n}\n@media (min-width:850px) {\n  #banner-549704288 {\n    padding-top: 350px;\n  }\n}\n<\/style>\n  <\/div>\n\n\n\t\t<\/div>\n\t\t\t\t\n<style>\n#col-533275740 > .col-inner {\n  margin: 30px 0px 0px 0px;\n}\n<\/style>\n\t<\/div>\n\n\t\n\n\t<div id=\"col-962814262\" class=\"col medium-3 small-6 large-3\"  >\n\t\t\t\t<div class=\"col-inner\"  >\n\t\t\t\n\t\t\t\n\n  <div class=\"banner has-hover round-corners\" id=\"banner-1840578099\">\n          <div class=\"banner-inner fill\">\n        <div class=\"banner-bg fill\" >\n            <img loading=\"lazy\" decoding=\"async\" width=\"768\" height=\"1024\" src=\"https:\/\/smartplusart.com\/wp-content\/uploads\/2026\/01\/Focus_Mode-768x1024.webp\" class=\"bg attachment-large size-large\" alt=\"\" \/>                                    \n                    <\/div>\n\t\t\n        <div class=\"banner-layers container\">\n            <div class=\"fill banner-link\"><\/div>            \n        <\/div>\n      <\/div>\n\n            \n<style>\n#banner-1840578099 {\n  padding-top: 225px;\n  background-color: rgb(255, 255, 255);\n}\n#banner-1840578099 .banner-bg img {\n  object-position: 66% 17%;\n}\n@media (min-width:550px) {\n  #banner-1840578099 {\n    padding-top: 250px;\n  }\n}\n@media (min-width:850px) {\n  #banner-1840578099 {\n    padding-top: 350px;\n  }\n}\n<\/style>\n  <\/div>\n\n\n\t\t<\/div>\n\t\t\t\t\n<style>\n#col-962814262 > .col-inner {\n  margin: -30px 0px 0px 0px;\n}\n<\/style>\n\t<\/div>\n\n\t\n\n\t<div id=\"col-145620426\" class=\"col hide-for-small medium-3 small-6 large-3\"  >\n\t\t\t\t<div class=\"col-inner\"  >\n\t\t\t\n\t\t\t\n\n  <div class=\"banner has-hover round-corners\" id=\"banner-914125892\">\n          <div class=\"banner-inner fill\">\n        <div class=\"banner-bg fill\" >\n            <img loading=\"lazy\" decoding=\"async\" width=\"768\" height=\"1024\" src=\"https:\/\/smartplusart.com\/wp-content\/uploads\/2026\/01\/Morning_light-768x1024.webp\" class=\"bg attachment-large size-large\" alt=\"\" \/>                                    \n                    <\/div>\n\t\t\n        <div class=\"banner-layers container\">\n            <div class=\"fill banner-link\"><\/div>            \n        <\/div>\n      <\/div>\n\n            \n<style>\n#banner-914125892 {\n  padding-top: 250px;\n  background-color: rgb(255, 255, 255);\n}\n@media (min-width:850px) {\n  #banner-914125892 {\n    padding-top: 350px;\n  }\n}\n<\/style>\n  <\/div>\n\n\n\t\t<\/div>\n\t\t\t\t\n<style>\n#col-145620426 > .col-inner {\n  margin: 30px 0px 0px 0px;\n}\n<\/style>\n\t<\/div>\n\n\t\n\n\t<div id=\"col-634400371\" class=\"col hide-for-small medium-3 small-6 large-3\"  >\n\t\t\t\t<div class=\"col-inner\"  >\n\t\t\t\n\t\t\t\n\n  <div class=\"banner has-hover round-corners\" id=\"banner-1535762358\">\n          <div class=\"banner-inner fill\">\n        <div class=\"banner-bg fill\" >\n            <img loading=\"lazy\" decoding=\"async\" width=\"768\" height=\"1024\" src=\"https:\/\/smartplusart.com\/wp-content\/uploads\/2026\/01\/Art_Rotation-768x1024.webp\" class=\"bg attachment-large size-large\" alt=\"\" \/>                                    \n                    <\/div>\n\t\t\n        <div class=\"banner-layers container\">\n            <div class=\"fill banner-link\"><\/div>            \n        <\/div>\n      <\/div>\n\n            \n<style>\n#banner-1535762358 {\n  padding-top: 250px;\n  background-color: rgb(255, 255, 255);\n}\n#banner-1535762358 .banner-bg img {\n  object-position: 74% 93%;\n}\n@media (min-width:850px) {\n  #banner-1535762358 {\n    padding-top: 350px;\n  }\n}\n<\/style>\n  <\/div>\n\n\n\t\t<\/div>\n\t\t\t\t\n<style>\n#col-634400371 > .col-inner {\n  margin: -30px 0px 0px 0px;\n}\n<\/style>\n\t<\/div>\n\n\t\n<\/div>\n\t\t<\/div>\n\n\t\t\n<style>\n#section_864600484 {\n  padding-top: 10px;\n  padding-bottom: 10px;\n}\n@media (min-width:550px) {\n  #section_864600484 {\n    padding-top: 30px;\n    padding-bottom: 30px;\n  }\n}\n@media (min-width:850px) {\n  #section_864600484 {\n    padding-top: 60px;\n    padding-bottom: 60px;\n  }\n}\n<\/style>\n\t<\/section>\n\t\n<div class=\"row align-center\"  id=\"row-1974727055\">\n\n\t<div id=\"col-1363885370\" class=\"col medium-9 small-12 large-6\"  >\n\t\t\t\t<div class=\"col-inner text-center\"  >\n\t\t\t\n\t\t\t\n\t<div id=\"gap-1961759091\" class=\"gap-element clearfix\" style=\"display:block; height:auto;\">\n\t\t\n<style>\n#gap-1961759091 {\n  padding-top: 20px;\n}\n@media (min-width:550px) {\n  #gap-1961759091 {\n    padding-top: 30px;\n  }\n}\n@media (min-width:850px) {\n  #gap-1961759091 {\n    padding-top: 5px;\n  }\n}\n<\/style>\n\t<\/div>\n\t\n\t<div id=\"text-2349403899\" class=\"text\">\n\t\t\n<h2>Bie\u017e\u0101k uzdotie jaut\u0101jumi<\/h2>\n\t\t\n<style>\n#text-2349403899 {\n  font-size: 1.1rem;\n}\n@media (min-width:550px) {\n  #text-2349403899 {\n    font-size: 1.5rem;\n  }\n}\n<\/style>\n\t<\/div>\n\t\n\t\t<\/div>\n\t\t\t\t\t<\/div>\n\n\t\n<\/div>\n<div class=\"row\"  id=\"row-180609463\">\n\n\t<div id=\"col-153138620\" class=\"col medium-6 small-12 large-6\"  >\n\t\t\t\t<div class=\"col-inner\"  >\n\t\t\t\n\t\t\t\n<div class=\"accordion\">\n\t<div id=\"accordion-1144483597\" class=\"accordion-item\">\n\t\t<a id=\"accordion-1144483597-label\" class=\"accordion-title plain\" href=\"#accordion-item-vai-lietotne-ir-maksas?\" aria-expanded=\"false\" aria-controls=\"accordion-1144483597-content\">\n\t\t\t<button class=\"toggle\" aria-label=\"Toggle\"><i class=\"icon-angle-down\" aria-hidden=\"true\"><\/i><\/button>\n\t\t\t<span>Vai lietotne ir maksas?<\/span>\n\t\t<\/a>\n\t\t<div id=\"accordion-1144483597-content\" class=\"accordion-inner\" aria-labelledby=\"accordion-1144483597-label\">\n\t\t\t\n<p>Lietotne ir bezmaksas, un t\u0101 nodro\u0161ina piek\u013cuvi &#8220;Bezgal\u012bgas galerijas&#8221; att\u0113liem bez ikm\u0113ne\u0161a maksas.<\/p>\n\t\t<\/div>\n\t<\/div>\n\t\n\t<div id=\"accordion-983320114\" class=\"accordion-item\">\n\t\t<a id=\"accordion-983320114-label\" class=\"accordion-title plain\" href=\"#accordion-item-vai-lietotnei-ir-nepiecie\u0161ams-konts?\" aria-expanded=\"false\" aria-controls=\"accordion-983320114-content\">\n\t\t\t<button class=\"toggle\" aria-label=\"Toggle\"><i class=\"icon-angle-down\" aria-hidden=\"true\"><\/i><\/button>\n\t\t\t<span>Vai lietotnei ir nepiecie\u0161ams konts?<\/span>\n\t\t<\/a>\n\t\t<div id=\"accordion-983320114-content\" class=\"accordion-inner\" aria-labelledby=\"accordion-983320114-label\">\n\t\t\t\n<p><strong data-start=\"1849\" data-end=\"1855\">N\u0113<\/strong> \u2013 fotoatt\u0113li paliek j\u016bsu t\u0101lrun\u012b un tiek nos\u016bt\u012bti tie\u0161i uz bil\u017eu r\u0101mi, izmantojot Bluetooth tehnolo\u0123iju. Fotoatt\u0113li <strong data-start=\"1924\" data-end=\"1957\">netiek s\u016bt\u012bti uz serveriem<\/strong>.<\/p>\n\t\t<\/div>\n\t<\/div>\n\t\n\t<div id=\"accordion-2494825267\" class=\"accordion-item\">\n\t\t<a id=\"accordion-2494825267-label\" class=\"accordion-title plain\" href=\"#accordion-item-cik-\u0101tri-main\u0101s-att\u0113li?\" aria-expanded=\"false\" aria-controls=\"accordion-2494825267-content\">\n\t\t\t<button class=\"toggle\" aria-label=\"Toggle\"><i class=\"icon-angle-down\" aria-hidden=\"true\"><\/i><\/button>\n\t\t\t<span>Cik \u0101tri main\u0101s att\u0113li?<\/span>\n\t\t<\/a>\n\t\t<div id=\"accordion-2494825267-content\" class=\"accordion-inner\" aria-labelledby=\"accordion-2494825267-label\">\n\t\t\t\n<p>J\u016bs varat nos\u016bt\u012bt vienu att\u0113lu uz r\u0101mja vienlaikus, ko var atlas\u012bt no eso\u0161ajiem att\u0113liem lietotn\u0113 vai no t\u0101lru\u0146a. P\u0113c t\u0101lru\u0146a pietuvin\u0101\u0161anas r\u0101mja kreisajam st\u016brim att\u0113ls tiek nos\u016bt\u012bts, izmantojot Bluetooth savienojumu. P\u0113c tam aptuveni 20 sekun\u017eu laik\u0101 att\u0113ls tiek &#8220;druk\u0101ts&#8221; uz ekr\u0101na. T\u0101p\u0113c \u0161is nav klasisks bil\u017eu r\u0101mis, kur\u0101 var aug\u0161upiel\u0101d\u0113t visu savu ce\u013cojumu katalogu un p\u0113c tam to skat\u012bt.<\/p>\n\t\t<\/div>\n\t<\/div>\n\t\n<\/div>\n\t\t<\/div>\n\t\t\t\t\n<style>\n#col-153138620 > .col-inner {\n  margin: 0px 0px -30px 0px;\n}\n@media (min-width:550px) {\n  #col-153138620 > .col-inner {\n    margin: 0px 0px 0px 0px;\n  }\n}\n@media (min-width:850px) {\n  #col-153138620 > .col-inner {\n    margin: 0px 0px 0px 0px;\n  }\n}\n<\/style>\n\t<\/div>\n\n\t\n\n\t<div id=\"col-1733600394\" class=\"col medium-6 small-12 large-6\"  >\n\t\t\t\t<div class=\"col-inner\"  >\n\t\t\t\n\t\t\t\n<div class=\"accordion\">\n\t<div id=\"accordion-1067796581\" class=\"accordion-item\">\n\t\t<a id=\"accordion-1067796581-label\" class=\"accordion-title plain\" href=\"#accordion-item-vai-lietotne-ir-pieejama-ios-un-android-ier\u012bc\u0113m?\" aria-expanded=\"false\" aria-controls=\"accordion-1067796581-content\">\n\t\t\t<button class=\"toggle\" aria-label=\"Toggle\"><i class=\"icon-angle-down\" aria-hidden=\"true\"><\/i><\/button>\n\t\t\t<span>Vai lietotne ir pieejama iOS un Android ier\u012bc\u0113m?<\/span>\n\t\t<\/a>\n\t\t<div id=\"accordion-1067796581-content\" class=\"accordion-inner\" aria-labelledby=\"accordion-1067796581-label\">\n\t\t\t\n<p>J\u0101. Lietotne ir pieejama <a href=\"https:\/\/apps.apple.com\/us\/app\/reflection-frame\/id6736882524\"><strong data-start=\"1264\" data-end=\"1286\">Apple App Store<\/strong><\/a> un <a href=\"https:\/\/play.google.com\/store\/apps\/details?id=com.feibi.frame\"><strong data-start=\"1290\" data-end=\"1307\">Google Play<\/strong><\/a>.<\/p>\n\t\t<\/div>\n\t<\/div>\n\t\n\t<div id=\"accordion-1553415422\" class=\"accordion-item\">\n\t\t<a id=\"accordion-1553415422-label\" class=\"accordion-title plain\" href=\"#accordion-item-cik-ilgi-lietotne-tiks-atbalst\u012bta?\" aria-expanded=\"false\" aria-controls=\"accordion-1553415422-content\">\n\t\t\t<button class=\"toggle\" aria-label=\"Toggle\"><i class=\"icon-angle-down\" aria-hidden=\"true\"><\/i><\/button>\n\t\t\t<span>Cik ilgi lietotne tiks atbalst\u012bta?<\/span>\n\t\t<\/a>\n\t\t<div id=\"accordion-1553415422-content\" class=\"accordion-inner\" aria-labelledby=\"accordion-1553415422-label\">\n\t\t\t\n<p>Bil\u017eu r\u0101mis darb\u012bbai neizmanto m\u0101koni. Tap-to-Print tehnolo\u0123ija nodro\u0161ina atjaunin\u0101jumus tie\u0161i no j\u016bsu t\u0101lru\u0146a. Kam\u0113r jums ir lietotne, j\u016bs varat atjaunin\u0101t att\u0113lus.<\/p>\n\t\t<\/div>\n\t<\/div>\n\t\n\t<div id=\"accordion-3697990260\" class=\"accordion-item\">\n\t\t<a id=\"accordion-3697990260-label\" class=\"accordion-title plain\" href=\"#accordion-item-vai-ir-nepiecie\u0161ams-wi-fi-savienojums?\" aria-expanded=\"false\" aria-controls=\"accordion-3697990260-content\">\n\t\t\t<button class=\"toggle\" aria-label=\"Toggle\"><i class=\"icon-angle-down\" aria-hidden=\"true\"><\/i><\/button>\n\t\t\t<span>Vai ir nepiecie\u0161ams Wi-Fi savienojums?<\/span>\n\t\t<\/a>\n\t\t<div id=\"accordion-3697990260-content\" class=\"accordion-inner\" aria-labelledby=\"accordion-3697990260-label\">\n\t\t\t\n<p>N\u0113. Att\u0113lu atjaunin\u0101jumi notiek tie\u0161i no t\u0101lru\u0146a uz r\u0101mi, un Wi-Fi nav nepiecie\u0161ams. T\u0101lrunis nosaka r\u0101mi, izmantojot NFC, un att\u0113lu p\u0101rs\u016bt\u012b\u0161ana notiek, izmantojot NFC + Bluetooth.<\/p>\n\t\t<\/div>\n\t<\/div>\n\t\n<\/div>\n\t\t<\/div>\n\t\t\t\t\t<\/div>\n\n\t\n<\/div>\n\n\t<section class=\"section\" id=\"section_1747657859\">\n\t\t<div class=\"section-bg fill\" >\n\t\t\t\t\t\t\t\t\t\n\t\t\t\n\n\t\t<\/div>\n\n\t\t\n\n\t\t<div class=\"section-content relative\">\n\t\t\t\n\t<div id=\"gap-20050076\" class=\"gap-element clearfix\" style=\"display:block; height:auto;\">\n\t\t\n<style>\n#gap-20050076 {\n  padding-top: 10px;\n}\n@media (min-width:850px) {\n  #gap-20050076 {\n    padding-top: 30px;\n  }\n}\n<\/style>\n\t<\/div>\n\t\n\t\t<\/div>\n\n\t\t\n<style>\n#section_1747657859 {\n  padding-top: 0px;\n  padding-bottom: 0px;\n}\n@media (min-width:850px) {\n  #section_1747657859 {\n    padding-top: 0px;\n    padding-bottom: 0px;\n  }\n}\n<\/style>\n\t<\/section>\n\t\n","protected":false},"excerpt":{"rendered":"","protected":false},"author":1,"featured_media":0,"parent":0,"menu_order":0,"comment_status":"closed","ping_status":"closed","template":"page-blank.php","meta":{"footnotes":""},"class_list":["post-1522","page","type-page","status-publish","hentry"],"jetpack_sharing_enabled":true,"_links":{"self":[{"href":"https:\/\/smartplusart.com\/lv\/wp-json\/wp\/v2\/pages\/1522","targetHints":{"allow":["GET"]}}],"collection":[{"href":"https:\/\/smartplusart.com\/lv\/wp-json\/wp\/v2\/pages"}],"about":[{"href":"https:\/\/smartplusart.com\/lv\/wp-json\/wp\/v2\/types\/page"}],"author":[{"embeddable":true,"href":"https:\/\/smartplusart.com\/lv\/wp-json\/wp\/v2\/users\/1"}],"replies":[{"embeddable":true,"href":"https:\/\/smartplusart.com\/lv\/wp-json\/wp\/v2\/comments?post=1522"}],"version-history":[{"count":2,"href":"https:\/\/smartplusart.com\/lv\/wp-json\/wp\/v2\/pages\/1522\/revisions"}],"predecessor-version":[{"id":1531,"href":"https:\/\/smartplusart.com\/lv\/wp-json\/wp\/v2\/pages\/1522\/revisions\/1531"}],"wp:attachment":[{"href":"https:\/\/smartplusart.com\/lv\/wp-json\/wp\/v2\/media?parent=1522"}],"curies":[{"name":"wp","href":"https:\/\/api.w.org\/{rel}","templated":true}]}}