{"id":1504,"date":"2025-12-30T18:52:06","date_gmt":"2025-12-30T18:52:06","guid":{"rendered":"https:\/\/smartplusart.com\/product\/melns-digitalais-foto-ramis\/"},"modified":"2026-03-10T22:07:15","modified_gmt":"2026-03-10T22:07:15","slug":"melns-digitalais-foto-ramis","status":"publish","type":"product","link":"https:\/\/smartplusart.com\/lv\/products\/melns-digitalais-foto-ramis\/","title":{"rendered":"Melns digit\u0101lais foto r\u0101mis"},"content":{"rendered":"<p>Augstas kvalit\u0101tes digit\u0101lais foto r\u0101mis<\/p>\n<p>Izmantojiet lietotni Reflection Frame, lai \u0113rti nos\u016bt\u012btu fotoatt\u0113lus no t\u0101lru\u0146a uz savu Reflection Frame.<\/p>\n<ul>\n<li>Bezvadu ePaper displejs<\/li>\n<li>Tap-to-Print tehnolo\u0123ija<\/li>\n<li>Nav nepiecie\u0161ama abon\u0113\u0161ana vai m\u0101ko\u0146pakalpojums<\/li>\n<li>L\u012bdz 2 gadiem akumulatora darb\u012bbas laiks ar vienu uzl\u0101di*<\/li>\n<\/ul>\n<p>*2 gadu akumulatora darb\u012bbas laiks, pamatojoties uz vid\u0113ji trim atjaunin\u0101jumiem dien\u0101<\/p>\n","protected":false},"excerpt":{"rendered":"<p>Pasaul\u0113 pirmais bezvadu digit\u0101lais foto r\u0101mis ar E Ink displeju. R\u0101diet savas iecien\u012bt\u0101k\u0101s fotogr\u0101fijas bez Wi-Fi un bez ikm\u0113ne\u0161a maksas.<br \/>\n<strong>Ir noliktav\u0101 Tallin\u0101!<\/strong><\/p>\n","protected":false},"featured_media":1506,"template":"","meta":[],"product_brand":[],"product_cat":[65],"product_tag":[],"class_list":{"0":"post-1504","1":"product","2":"type-product","3":"status-publish","4":"has-post-thumbnail","6":"product_cat-digitala-maksla","8":"first","9":"instock","10":"sale","11":"taxable","12":"shipping-taxable","13":"purchasable","14":"product-type-simple"},"jetpack_sharing_enabled":true,"_links":{"self":[{"href":"https:\/\/smartplusart.com\/lv\/wp-json\/wp\/v2\/product\/1504","targetHints":{"allow":["GET"]}}],"collection":[{"href":"https:\/\/smartplusart.com\/lv\/wp-json\/wp\/v2\/product"}],"about":[{"href":"https:\/\/smartplusart.com\/lv\/wp-json\/wp\/v2\/types\/product"}],"wp:featuredmedia":[{"embeddable":true,"href":"https:\/\/smartplusart.com\/lv\/wp-json\/wp\/v2\/media\/1506"}],"wp:attachment":[{"href":"https:\/\/smartplusart.com\/lv\/wp-json\/wp\/v2\/media?parent=1504"}],"wp:term":[{"taxonomy":"product_brand","embeddable":true,"href":"https:\/\/smartplusart.com\/lv\/wp-json\/wp\/v2\/product_brand?post=1504"},{"taxonomy":"product_cat","embeddable":true,"href":"https:\/\/smartplusart.com\/lv\/wp-json\/wp\/v2\/product_cat?post=1504"},{"taxonomy":"product_tag","embeddable":true,"href":"https:\/\/smartplusart.com\/lv\/wp-json\/wp\/v2\/product_tag?post=1504"}],"curies":[{"name":"wp","href":"https:\/\/api.w.org\/{rel}","templated":true}]}}